{"id":4836,"date":"2024-07-22T19:51:41","date_gmt":"2024-07-22T17:51:41","guid":{"rendered":"https:\/\/immoworld.ma\/?page_id=4836"},"modified":"2026-04-04T17:47:10","modified_gmt":"2026-04-04T15:47:10","slug":"simulation-frais-de-notaire-maroc","status":"publish","type":"page","link":"https:\/\/immoworld.ma\/ar\/simulation-frais-de-notaire-maroc\/","title":{"rendered":"\u062d\u0633\u0627\u0628 \u062a\u0642\u0631\u064a\u0628\u064a \u0644\u0631\u0633\u0648\u0645 \u0627\u0644\u0645\u0648\u062b\u0642 \u0641\u064a \u0627\u0644\u0645\u063a\u0631\u0628"},"content":{"rendered":"<div data-elementor-type=\"wp-page\" data-elementor-id=\"4836\" class=\"elementor elementor-4836\" data-elementor-post-type=\"page\">\n\t\t\t\t\t\t<section class=\"elementor-section elementor-top-section elementor-element elementor-element-0840e20 elementor-section-full_width elementor-section-height-default elementor-section-height-default\" data-id=\"0840e20\" data-element_type=\"section\" data-e-type=\"section\" data-settings=\"{&quot;background_background&quot;:&quot;classic&quot;}\">\n\t\t\t\t\t\t<div class=\"elementor-container elementor-column-gap-default\">\n\t\t\t\t\t<div class=\"elementor-column elementor-col-100 elementor-top-column elementor-element elementor-element-da71a1d\" data-id=\"da71a1d\" data-element_type=\"column\" data-e-type=\"column\">\n\t\t\t<div class=\"elementor-widget-wrap elementor-element-populated\">\n\t\t\t\t\t\t<div class=\"elementor-element elementor-element-dfedded elementor-widget elementor-widget-heading\" data-id=\"dfedded\" data-element_type=\"widget\" data-e-type=\"widget\" data-widget_type=\"heading.default\">\n\t\t\t\t\t<h1 class=\"elementor-heading-title elementor-size-default\">\u0627\u062d\u0633\u0628 \u0627\u0644\u062a\u0642\u062f\u064a\u0631 \u0627\u0644\u062a\u0642\u0631\u064a\u0628\u064a \u0644\u0631\u0633\u0648\u0645 \u0627\u0644\u062a\u0648\u062b\u064a\u0642 \u0628\u0646\u0642\u0631\u0629 \u0648\u0627\u062d\u062f\u0629.<\/h1>\t\t\t\t<\/div>\n\t\t\t\t<div class=\"elementor-element elementor-element-10d2cce elementor-widget elementor-widget-text-editor\" data-id=\"10d2cce\" data-element_type=\"widget\" data-e-type=\"widget\" data-widget_type=\"text-editor.default\">\n\t\t\t\t\t\t\t\t\t<div class=\"elementor-element elementor-element-df98263 elementor-widget elementor-widget-heading\" data-id=\"df98263\" data-element_type=\"widget\" data-e-type=\"widget\" data-widget_type=\"heading.default\"><div class=\"elementor-widget-container\">\u00a0<\/div><\/div><div class=\"elementor-element elementor-element-10110d9 elementor-widget elementor-widget-text-editor\" data-id=\"10110d9\" data-element_type=\"widget\" data-e-type=\"widget\" data-widget_type=\"text-editor.default\"><div class=\"elementor-widget-container\"><div data-sfc-cp=\"\" data-hveid=\"CAEIABAC\">\u062a\u0634\u0645\u0644 \u0631\u0633\u0648\u0645 \u0627\u0644\u062a\u0648\u062b\u064a\u0642 \u0641\u064a \u0627\u0644\u0645\u063a\u0631\u0628 \u0623\u062a\u0639\u0627\u0628 \u0627\u0644\u0645\u0648\u062b\u0642 (\u062d\u0648\u0627\u0644\u064a 1 \u0625\u0644\u0649 1.5\u066a \u0645\u0646 \u0633\u0639\u0631 \u0627\u0644\u0639\u0642\u0627\u0631)\u060c \u0648\u0631\u0633\u0648\u0645 \u0627\u0644\u062a\u0633\u062c\u064a\u0644 (\u0645\u0646 3 \u0625\u0644\u0649 4\u066a \u062d\u0633\u0628 \u0646\u0648\u0639 \u0627\u0644\u0639\u0642\u0627\u0631)\u060c \u0648\u0631\u0633\u0648\u0645 \u0627\u0644\u0645\u062d\u0627\u0641\u0638\u0629 \u0627\u0644\u0639\u0642\u0627\u0631\u064a\u0629 (1\u066a \u0625\u0636\u0627\u0641\u0629 \u0625\u0644\u0649 \u0631\u0633\u0648\u0645 \u062b\u0627\u0628\u062a\u0629)\u060c \u0625\u0636\u0627\u0641\u0629 \u0625\u0644\u0649 \u0645\u0635\u0627\u0631\u064a\u0641 \u0623\u062e\u0631\u0649 (\u0627\u0644\u0636\u0631\u064a\u0628\u0629 \u0639\u0644\u0649 \u0627\u0644\u0642\u064a\u0645\u0629 \u0627\u0644\u0645\u0636\u0627\u0641\u0629\u060c \u0648\u0627\u0644\u0637\u0648\u0627\u0628\u0639). \u0648\u063a\u0627\u0644\u0628\u064b\u0627 \u0645\u0627 \u064a\u0635\u0644 \u0645\u062c\u0645\u0648\u0639 \u0647\u0630\u0647 \u0627\u0644\u0631\u0633\u0648\u0645 \u0625\u0644\u0649 \u062d\u0648\u0627\u0644\u064a 7 \u0625\u0644\u0649 8\u066a \u0645\u0646 \u0633\u0639\u0631 \u0627\u0644\u0634\u0631\u0627\u0621 \u0628\u0627\u0644\u0646\u0633\u0628\u0629 \u0644\u0644\u0639\u0642\u0627\u0631\u0627\u062a \u0627\u0644\u0642\u062f\u064a\u0645\u0629. \u0648\u0642\u062f \u062a\u062e\u062a\u0644\u0641 \u0647\u0630\u0647 \u0627\u0644\u062a\u0643\u0627\u0644\u064a\u0641 \u062d\u0633\u0628 \u0646\u0648\u0639 \u0627\u0644\u0639\u0642\u0627\u0631 (\u062c\u062f\u064a\u062f \u0623\u0648 \u0642\u062f\u064a\u0645) \u0648\u062a\u0639\u0642\u064a\u062f \u0639\u0645\u0644\u064a\u0629 \u0627\u0644\u0634\u0631\u0627\u0621\u060c \u0644\u0630\u0644\u0643 \u0645\u0646 \u0627\u0644\u0645\u0647\u0645 \u0637\u0644\u0628 \u0639\u0631\u0636 \u062a\u0641\u0635\u064a\u0644\u064a \u0644\u0644\u062a\u0643\u0627\u0644\u064a\u0641.\u00a0<\/div><div class=\"Fsg96\" data-sfc-cp=\"\">\u00a0<\/div><div id=\"sdh_osdfafSgN5agi-gPjI704A4_12\">\u00a0<\/div><div id=\"sdh_osdfafSgN5agi-gPjI704A4_17\"><div class=\"Y3BBE\" data-sfc-cp=\"\" data-hveid=\"CAEICBAA\">\u00a0<\/div><\/div><\/div><\/div>\t\t\t\t\t\t\t\t<\/div>\n\t\t\t\t<div class=\"elementor-element elementor-element-44fb393 elementor-widget elementor-widget-heading\" data-id=\"44fb393\" data-element_type=\"widget\" data-e-type=\"widget\" data-widget_type=\"heading.default\">\n\t\t\t\t\t<h2 class=\"elementor-heading-title elementor-size-default\">\u062a\u0641\u0635\u064a\u0644 \u0627\u0644\u0631\u0633\u0648\u0645 \u0627\u0644\u0631\u0626\u064a\u0633\u064a\u0629<\/h2>\t\t\t\t<\/div>\n\t\t\t\t<div class=\"elementor-element elementor-element-fe6b445 elementor-widget elementor-widget-text-editor\" data-id=\"fe6b445\" data-element_type=\"widget\" data-e-type=\"widget\" data-widget_type=\"text-editor.default\">\n\t\t\t\t\t\t\t\t\t<ul><li class=\"translation-block\"><span class=\"T286Pc\" data-sfc-cp=\"\"><strong class=\"Yjhzub\">\u0623\u062a\u0639\u0627\u0628 \u0627\u0644\u0645\u0648\u062b\u0642<\/strong>: \u062a\u0643\u0648\u0646 \u062a\u0635\u0627\u0639\u062f\u064a\u0629 \u0648\u063a\u0627\u0644\u0628\u064b\u0627 \u0645\u0627 \u062a\u062a\u0631\u0627\u0648\u062d \u0628\u064a\u0646 1% \u06481.5% \u0645\u0646 \u0633\u0639\u0631 \u0627\u0644\u0628\u064a\u0639\u060c \u0645\u0639 \u062a\u062d\u062f\u064a\u062f \u0633\u0642\u0641 \u0645\u0639\u064a\u0646 \u0644\u0644\u0645\u0639\u0627\u0645\u0644\u0627\u062a \u0630\u0627\u062a \u0627\u0644\u0642\u064a\u0645\u0629 \u0627\u0644\u0645\u0631\u062a\u0641\u0639\u0629.<\/span><\/li><li class=\"translation-block\"><span class=\"T286Pc\" data-sfc-cp=\"\"><strong class=\"Yjhzub\">\u0631\u0633\u0648\u0645 \u0627\u0644\u062a\u0633\u062c\u064a\u0644 (\u0627\u0644\u0636\u0631\u0627\u0626\u0628)<\/strong>:<br><\/span><strong class=\"Yjhzub\">4%<\/strong> \u0644\u0644\u0639\u0642\u0627\u0631 \u0627\u0644\u0643\u0644\u0627\u0633\u064a\u0643\u064a (\u0627\u0644\u0642\u062f\u064a\u0645).<br><strong class=\"Yjhzub\">3%<\/strong> \u0644\u0644\u0633\u0643\u0646 \u0627\u0644\u0627\u062c\u062a\u0645\u0627\u0639\u064a \u0623\u0648 \u0627\u0644\u0639\u0642\u0627\u0631 \u0627\u0644\u062c\u062f\u064a\u062f.<br><strong class=\"Yjhzub\">5%<\/strong> \u0644\u0644\u0623\u0631\u0636 \u063a\u064a\u0631 \u0627\u0644\u0645\u0628\u0646\u064a\u0629 (\u0645\u0627 \u0644\u0645 \u064a\u0643\u0646 \u0647\u0646\u0627\u0643 \u0627\u0644\u062a\u0632\u0627\u0645 \u0628\u0627\u0644\u0628\u0646\u0627\u0621).<\/li><\/ul><div id=\"sdh_osdfafSgN5agi-gPjI704A4_3\"><ul><li class=\"translation-block\"><span class=\"T286Pc\" data-sfc-cp=\"\"><strong class=\"Yjhzub\">\u0631\u0633\u0648\u0645 \u0627\u0644\u0645\u062d\u0627\u0641\u0638\u0629 \u0627\u0644\u0639\u0642\u0627\u0631\u064a\u0629 (\u0636\u0631\u064a\u0628\u0629)<\/strong>: \u062d\u0648\u0627\u0644\u064a 1.5\u066a \u0645\u0646 \u0633\u0639\u0631 \u0627\u0644\u0639\u0642\u0627\u0631 + \u0631\u0633\u0648\u0645 \u062b\u0627\u0628\u062a\u0629 (\u062d\u0648\u0627\u0644\u064a 200 \u062f\u0631\u0647\u0645).<\/span><\/li><\/ul><\/div><div id=\"sdh_osdfafSgN5agi-gPjI704A4_4\"><ul><li data-hveid=\"CAEIBBAA\" class=\"translation-block\"><span class=\"T286Pc\" data-sfc-cp=\"\"><strong class=\"Yjhzub\">\u0627\u0644\u0636\u0631\u064a\u0628\u0629 \u0639\u0644\u0649 \u0627\u0644\u0642\u064a\u0645\u0629 \u0627\u0644\u0645\u0636\u0627\u0641\u0629<\/strong>: 10\u066a \u0639\u0644\u0649 \u0623\u062a\u0639\u0627\u0628 \u0627\u0644\u0645\u0648\u062b\u0642.<\/span><\/li><\/ul><\/div><div id=\"sdh_osdfafSgN5agi-gPjI704A4_5\"><ul><li data-hveid=\"CAEIBRAA\" class=\"translation-block\"><span class=\"T286Pc\" data-sfc-cp=\"\"><strong class=\"Yjhzub\">\u0631\u0633\u0648\u0645 \u0623\u062e\u0631\u0649 (\u0627\u0644\u0645\u0644\u0641\/\u0627\u0644\u0637\u0648\u0627\u0628\u0639)<\/strong>: \u0631\u0633\u0648\u0645 \u0627\u0644\u0645\u0644\u0641\u060c \u0627\u0644\u0634\u0647\u0627\u062f\u0627\u062a\u060c \u0648\u062a\u0633\u062c\u064a\u0644 \u0627\u0644\u0631\u0647\u0646 \u0627\u0644\u0639\u0642\u0627\u0631\u064a \u0639\u0646\u062f \u0627\u0644\u062d\u0627\u062c\u0629 (\u0645\u062a\u063a\u064a\u0631\u0629).<\/span><span class=\"uJ19be notranslate\" data-wiz-uids=\"fi46Jd_3r,fi46Jd_3s\"><span class=\"vKEkVd\" data-animation-atomic=\"\" data-wiz-attrbind=\"class=fi46Jd_3q\/TKHnVd\"> <\/span><\/span><\/li><\/ul><\/div>\t\t\t\t\t\t\t\t<\/div>\n\t\t\t\t<div class=\"elementor-element elementor-element-0bf6223 elementor-widget elementor-widget-heading\" data-id=\"0bf6223\" data-element_type=\"widget\" data-e-type=\"widget\" data-widget_type=\"heading.default\">\n\t\t\t\t\t<h2 class=\"elementor-heading-title elementor-size-default\">\u0645\u062b\u0627\u0644 \u062a\u0642\u062f\u064a\u0631\u064a (\u0634\u0631\u0627\u0621 \u0639\u0642\u0627\u0631 \u0628\u0642\u064a\u0645\u0629 1,000,000 \u062f\u0631\u0647\u0645)<\/h2>\t\t\t\t<\/div>\n\t\t\t\t<div class=\"elementor-element elementor-element-af9c399 elementor-widget elementor-widget-text-editor\" data-id=\"af9c399\" data-element_type=\"widget\" data-e-type=\"widget\" data-widget_type=\"text-editor.default\">\n\t\t\t\t\t\t\t\t\t<div id=\"sdh_osdfafSgN5agi-gPjI704A4_14\"><ul class=\"KsbFXc U6u95\"><li data-hveid=\"CAEIBxAA\" class=\"translation-block\"><span class=\"T286Pc\" data-sfc-cp=\"\"><strong class=\"Yjhzub\">\u0627\u0644\u0623\u062a\u0639\u0627\u0628 (1.25%)<\/strong>: 12,500 \u062f\u0631\u0647\u0645 (\u062f\u0648\u0646 \u0627\u062d\u062a\u0633\u0627\u0628 \u0627\u0644\u0636\u0631\u064a\u0628\u0629 \u0639\u0644\u0649 \u0627\u0644\u0642\u064a\u0645\u0629 \u0627\u0644\u0645\u0636\u0627\u0641\u0629)<\/span><\/li><li data-hveid=\"CAEIBxAB\" class=\"translation-block\"><span class=\"T286Pc\" data-sfc-cp=\"\"><strong class=\"Yjhzub\">\u0631\u0633\u0648\u0645 \u0627\u0644\u062a\u0633\u062c\u064a\u0644 (4%)<\/strong>: 40,000 \u062f\u0631\u0647\u0645<\/span><\/li><li data-hveid=\"CAEIBxAC\" class=\"translation-block\"><span class=\"T286Pc\" data-sfc-cp=\"\"><strong class=\"Yjhzub\">\u0627\u0644\u0645\u062d\u0627\u0641\u0638\u0629 \u0627\u0644\u0639\u0642\u0627\u0631\u064a\u0629 (1.5% + \u062b\u0627\u0628\u062a)<\/strong>: \u062d\u0648\u0627\u0644\u064a 15,000 \u062f\u0631\u0647\u0645 + \u0631\u0633\u0648\u0645<\/span><\/li><li data-hveid=\"CAEIBxAD\" class=\"translation-block\"><span class=\"T286Pc\" data-sfc-cp=\"\"><strong class=\"Yjhzub\">\u0627\u0644\u0645\u062c\u0645\u0648\u0639 \u0627\u0644\u062a\u0642\u062f\u064a\u0631\u064a<\/strong>: \u062d\u0648\u0627\u0644\u064a 70,000 \u0625\u0644\u0649 80,000 \u062f\u0631\u0647\u0645\u060c \u0623\u064a \u0645\u0627 \u064a\u0639\u0627\u062f\u0644 7% \u0625\u0644\u0649 8% \u0645\u0646 \u0627\u0644\u0633\u0639\u0631.<\/span><span class=\"uJ19be notranslate\" data-wiz-uids=\"fi46Jd_4i,fi46Jd_4j\"><span class=\"vKEkVd\" data-animation-atomic=\"\" data-wiz-attrbind=\"class=fi46Jd_4h\/TKHnVd\"> <\/span><\/span><\/li><\/ul><\/div><div id=\"sdh_osdfafSgN5agi-gPjI704A4_16\">\u00a0<\/div><div id=\"sdh_osdfafSgN5agi-gPjI704A4_17\"><div class=\"Y3BBE translation-block\" data-sfc-cp=\"\" data-hveid=\"CAEICBAA\"><strong class=\"Yjhzub\">\u0646\u0635\u064a\u062d\u0629:<\/strong> \u0644\u0627 \u062a\u062a\u0631\u062f\u062f \u0623\u0628\u062f\u064b\u0627 \u0641\u064a \u0637\u0644\u0628 \u0639\u0631\u0636 \u062a\u0643\u0644\u0641\u0629 \u0645\u0641\u0635\u0644 \u0645\u0646 \u0627\u0644\u0645\u0648\u062b\u0642 \u0642\u0628\u0644 \u0627\u0644\u0627\u0644\u062a\u0632\u0627\u0645\u060c \u0644\u0623\u0646 \u0627\u0644\u0631\u0633\u0648\u0645 \u0642\u062f \u062a\u062e\u062a\u0644\u0641.<span class=\"uJ19be notranslate\" data-wiz-uids=\"fi46Jd_4p,fi46Jd_4q\"><span class=\"vKEkVd\" data-animation-atomic=\"\" data-wiz-attrbind=\"class=fi46Jd_4o\/TKHnVd\"> <\/span><\/span><\/div><\/div>\t\t\t\t\t\t\t\t<\/div>\n\t\t\t\t<div class=\"elementor-element elementor-element-c338c2f elementor-widget-mobile__width-auto elementor-widget elementor-widget-shortcode\" data-id=\"c338c2f\" data-element_type=\"widget\" data-e-type=\"widget\" id=\"calcul-frais\" data-widget_type=\"shortcode.default\">\n\t\t\t\t\t\t\t<div class=\"elementor-shortcode\">    <form id=\"notaryForm\" action=\"\">\r\n      <div class=\"notaryDiv\">\r\n          <label for=\"acquisitionAmount\">\u0645\u0628\u0644\u063a \u0627\u0644\u0627\u0642\u062a\u0646\u0627\u0621 (\u062f\u0631\u0647\u0645):<\/label>\r\n          <input type=\"number\" id=\"acquisitionAmount\" name=\"acquisitionAmount\" placeholder=\"1000000\" required>\r\n          <span id=\"emptyAcquisition\" style=\"display: none; color: red;\">Veuillez donner un montant de l'acquisition.<\/span>\r\n      <\/div>\r\n      \r\n      <div class=\"notaryDiv\">\r\n          <label for=\"loanAmount\">\u0645\u0628\u0644\u063a \u0627\u0644\u0642\u0631\u0636 (\u062f\u0631\u0647\u0645):<\/label>\r\n          <input type=\"number\" id=\"loanAmount\" name=\"loanAmount\" placeholder=\"500000\" required>\r\n          <span id=\"emptyLoan\" style=\"display: none; color: red;\">Veuillez donner un montant du pr\u00eat.<\/span>\r\n      <\/div>\r\n      \r\n      <div class=\"notaryDiv\">\r\n          <input type=\"button\" value=\"\u0627\u062d\u0633\u0628\" onclick=\"calculateNotaryFees()\">\r\n      <\/div>\r\n      \r\n    <input type=\"hidden\" name=\"trp-form-language\" value=\"ar\"\/><\/form>\r\n\r\n    <div id=\"result\" class=\"hidden\">\r\n      <h3>\u062c\u062f\u0648\u0644 \u0631\u0633\u0648\u0645 \u0627\u0644\u0645\u0648\u062b\u0642<\/h3>\r\n      <table id=\"feesTable\" border=\"1\">\r\n        <tr>\r\n          <th>\u0631\u0633\u0648\u0645 \u0627\u0644\u0645\u0648\u062b\u0642<\/th>\r\n          <th>\u0627\u0644\u0645\u0628\u0644\u063a<\/th>\r\n          <th>%<\/th>\r\n        <\/tr>\r\n        <tr>\r\n          <td>\u0631\u0633\u0648\u0645 \u0627\u0644\u062a\u0633\u062c\u064a\u0644<\/td>\r\n          <td id=\"registrationFees\">--- MAD<\/td>\r\n          <td id=\"registrationFeesPercent\">59.02%<\/td>\r\n        <\/tr>\r\n        <tr>\r\n          <td>\u0627\u0644\u0645\u062d\u0627\u0641\u0638\u0629 \u0627\u0644\u0639\u0642\u0627\u0631\u064a\u0629 (\u0631\u0633\u0648\u0645 \u062b\u0627\u0628\u062a\u0629)<\/td>\r\n          <td id=\"landRegistryFixedFees\">100 MAD<\/td>\r\n          <td id=\"landRegistryFixedFeesPercent\">--- %<\/td>\r\n        <\/tr>\r\n        <tr>\r\n          <td>\u0627\u0644\u0645\u062d\u0627\u0641\u0638\u0629 \u0627\u0644\u0639\u0642\u0627\u0631\u064a\u0629<\/td>\r\n          <td id=\"landRegistryFees\">--- MAD<\/td>\r\n          <td id=\"landRegistryFeesPercent\">--- %<\/td>\r\n        <\/tr>\r\n        <tr>\r\n          <td>\u0631\u0633\u0648\u0645 \u0627\u0644\u0645\u0644\u0641<\/td>\r\n          <td id=\"fileFees\">--- MAD<\/td>\r\n          <td id=\"fileFeesPercent\">--- %<\/td>\r\n        <\/tr>\r\n        <tr>\r\n          <td>\u0634\u0647\u0627\u062f\u062a\u0627 \u0645\u0644\u0643\u064a\u0629<\/td>\r\n          <td id=\"propertyCertificates\">--- MAD<\/td>\r\n          <td id=\"propertyCertificatesPercent\">--- %<\/td>\r\n        <\/tr>\r\n        <tr>\r\n          <td>\u0631\u0633\u0648\u0645 \u0627\u0644\u0631\u0647\u0646 \u0627\u0644\u0639\u0642\u0627\u0631\u064a<\/td>\r\n          <td id=\"mortgageFees\">--- MAD<\/td>\r\n          <td id=\"mortgageFeesPercent\">--- %<\/td>\r\n        <\/tr>\r\n        <tr>\r\n          <td>\u0623\u062a\u0639\u0627\u0628 \u0627\u0644\u0645\u0648\u062b\u0642 (\u0642\u0628\u0644 \u0627\u0644\u0636\u0631\u064a\u0628\u0629)<\/td>\r\n          <td id=\"notaryFees\">--- MAD<\/td>\r\n          <td id=\"notaryFeesPercent\">--- %<\/td>\r\n        <\/tr>\r\n        <tr>\r\n          <td>\u0627\u0644\u0636\u0631\u064a\u0628\u0629 \u0639\u0644\u0649 \u0627\u0644\u0642\u064a\u0645\u0629 \u0627\u0644\u0645\u0636\u0627\u0641\u0629<\/td>\r\n          <td id=\"vat\">--- MAD<\/td>\r\n          <td id=\"vatPercent\">--- %<\/td>\r\n        <\/tr>\r\n        <tr class=\"total\">\r\n          <td>\u0625\u062c\u0645\u0627\u0644\u064a \u0631\u0633\u0648\u0645 \u0627\u0644\u0645\u0648\u062b\u0642<\/td>\r\n          <td id=\"totalFees\">--- MAD<\/td>\r\n          <td>100%<\/td>\r\n        <\/tr>\r\n      <\/table>\r\n    <\/div>\r\n    <\/div>\n\t\t\t\t\t\t<\/div>\n\t\t\t\t\t<\/div>\n\t\t<\/div>\n\t\t\t\t\t<\/div>\n\t\t<\/section>\n\t\t\t\t<\/div>","protected":false},"excerpt":{"rendered":"<p>Calculer l\u2019estimation des frais de notaire en un seul clic Les frais de notaire au Maroc englobent\u00a0les honoraires du notaire (environ 1 \u00e0 1,5 % du prix), les droits d\u2019enregistrement (3 \u00e0 4 % selon le type de bien), la conservation fonci\u00e8re (1 % + frais fixes), et des frais annexes (TVA, timbres), totalisant souvent&#8230;<\/p>","protected":false},"author":2,"featured_media":0,"parent":0,"menu_order":0,"comment_status":"closed","ping_status":"closed","template":"","meta":{"_acf_changed":false,"inline_featured_image":false,"footnotes":""},"class_list":["post-4836","page","type-page","status-publish","hentry"],"acf":[],"yoast_head":"<!-- This site is optimized with the Yoast SEO plugin v27.4 - https:\/\/yoast.com\/product\/yoast-seo-wordpress\/ -->\n<title>simulation frais notaire maroc - Immoworld<\/title>\n<meta name=\"description\" content=\"Calculez facilement les frais de notaire pour votre bien immobilier au Maroc gr\u00e2ce \u00e0 notre simulateur en ligne rapide et pr\u00e9cis.\" \/>\n<meta name=\"robots\" content=\"index, follow, max-snippet:-1, max-image-preview:large, max-video-preview:-1\" \/>\n<link rel=\"canonical\" href=\"https:\/\/immoworld.ma\/ar\/simulation-frais-de-notaire-maroc\/\" \/>\n<meta property=\"og:locale\" content=\"ar_AR\" \/>\n<meta property=\"og:type\" content=\"article\" \/>\n<meta property=\"og:title\" content=\"simulation frais notaire maroc - Immoworld\" \/>\n<meta property=\"og:description\" content=\"Calculez facilement les frais de notaire pour votre bien immobilier au Maroc gr\u00e2ce \u00e0 notre simulateur en ligne rapide et pr\u00e9cis.\" \/>\n<meta property=\"og:url\" content=\"https:\/\/immoworld.ma\/ar\/simulation-frais-de-notaire-maroc\/\" \/>\n<meta property=\"og:site_name\" content=\"Immoworld\" \/>\n<meta property=\"article:modified_time\" content=\"2026-04-04T15:47:10+00:00\" \/>\n<meta name=\"twitter:card\" content=\"summary_large_image\" \/>\n<meta name=\"twitter:label1\" content=\"Est. reading time\" \/>\n\t<meta name=\"twitter:data1\" content=\"2 minutes\" \/>\n<script type=\"application\/ld+json\" class=\"yoast-schema-graph\">{\"@context\":\"https:\\\/\\\/schema.org\",\"@graph\":[{\"@type\":\"WebPage\",\"@id\":\"https:\\\/\\\/immoworld.ma\\\/simulation-frais-de-notaire-maroc\\\/\",\"url\":\"https:\\\/\\\/immoworld.ma\\\/simulation-frais-de-notaire-maroc\\\/\",\"name\":\"simulation frais notaire maroc - Immoworld\",\"isPartOf\":{\"@id\":\"https:\\\/\\\/immoworld.ma\\\/#website\"},\"datePublished\":\"2024-07-22T17:51:41+00:00\",\"dateModified\":\"2026-04-04T15:47:10+00:00\",\"description\":\"Calculez facilement les frais de notaire pour votre bien immobilier au Maroc gr\u00e2ce \u00e0 notre simulateur en ligne rapide et pr\u00e9cis.\",\"breadcrumb\":{\"@id\":\"https:\\\/\\\/immoworld.ma\\\/simulation-frais-de-notaire-maroc\\\/#breadcrumb\"},\"inLanguage\":\"ary\",\"potentialAction\":[{\"@type\":\"ReadAction\",\"target\":[\"https:\\\/\\\/immoworld.ma\\\/simulation-frais-de-notaire-maroc\\\/\"]}]},{\"@type\":\"BreadcrumbList\",\"@id\":\"https:\\\/\\\/immoworld.ma\\\/simulation-frais-de-notaire-maroc\\\/#breadcrumb\",\"itemListElement\":[{\"@type\":\"ListItem\",\"position\":1,\"name\":\"Home\",\"item\":\"https:\\\/\\\/immoworld.ma\\\/\"},{\"@type\":\"ListItem\",\"position\":2,\"name\":\"simulation frais notaire maroc\"}]},{\"@type\":\"WebSite\",\"@id\":\"https:\\\/\\\/immoworld.ma\\\/#website\",\"url\":\"https:\\\/\\\/immoworld.ma\\\/\",\"name\":\"Immoworld\",\"description\":\"Luxury Real Estate\",\"publisher\":{\"@id\":\"https:\\\/\\\/immoworld.ma\\\/#organization\"},\"potentialAction\":[{\"@type\":\"SearchAction\",\"target\":{\"@type\":\"EntryPoint\",\"urlTemplate\":\"https:\\\/\\\/immoworld.ma\\\/?s={search_term_string}\"},\"query-input\":{\"@type\":\"PropertyValueSpecification\",\"valueRequired\":true,\"valueName\":\"search_term_string\"}}],\"inLanguage\":\"ary\"},{\"@type\":\"Organization\",\"@id\":\"https:\\\/\\\/immoworld.ma\\\/#organization\",\"name\":\"Immoworld\",\"url\":\"https:\\\/\\\/immoworld.ma\\\/\",\"logo\":{\"@type\":\"ImageObject\",\"inLanguage\":\"ary\",\"@id\":\"https:\\\/\\\/immoworld.ma\\\/#\\\/schema\\\/logo\\\/image\\\/\",\"url\":\"https:\\\/\\\/immoworld.ma\\\/wp-content\\\/uploads\\\/2024\\\/07\\\/IMMOWORLD_LOGO_WHITEGOLD.svg\",\"contentUrl\":\"https:\\\/\\\/immoworld.ma\\\/wp-content\\\/uploads\\\/2024\\\/07\\\/IMMOWORLD_LOGO_WHITEGOLD.svg\",\"width\":205,\"height\":54,\"caption\":\"Immoworld\"},\"image\":{\"@id\":\"https:\\\/\\\/immoworld.ma\\\/#\\\/schema\\\/logo\\\/image\\\/\"}}]}<\/script>\n<!-- \/ Yoast SEO plugin. -->","yoast_head_json":{"title":"simulation frais notaire maroc - Immoworld","description":"Calculez facilement les frais de notaire pour votre bien immobilier au Maroc gr\u00e2ce \u00e0 notre simulateur en ligne rapide et pr\u00e9cis.","robots":{"index":"index","follow":"follow","max-snippet":"max-snippet:-1","max-image-preview":"max-image-preview:large","max-video-preview":"max-video-preview:-1"},"canonical":"https:\/\/immoworld.ma\/ar\/simulation-frais-de-notaire-maroc\/","og_locale":"ar_AR","og_type":"article","og_title":"simulation frais notaire maroc - Immoworld","og_description":"Calculez facilement les frais de notaire pour votre bien immobilier au Maroc gr\u00e2ce \u00e0 notre simulateur en ligne rapide et pr\u00e9cis.","og_url":"https:\/\/immoworld.ma\/ar\/simulation-frais-de-notaire-maroc\/","og_site_name":"Immoworld","article_modified_time":"2026-04-04T15:47:10+00:00","twitter_card":"summary_large_image","twitter_misc":{"Est. reading time":"2 minutes"},"schema":{"@context":"https:\/\/schema.org","@graph":[{"@type":"WebPage","@id":"https:\/\/immoworld.ma\/simulation-frais-de-notaire-maroc\/","url":"https:\/\/immoworld.ma\/simulation-frais-de-notaire-maroc\/","name":"simulation frais notaire maroc - Immoworld","isPartOf":{"@id":"https:\/\/immoworld.ma\/#website"},"datePublished":"2024-07-22T17:51:41+00:00","dateModified":"2026-04-04T15:47:10+00:00","description":"Calculez facilement les frais de notaire pour votre bien immobilier au Maroc gr\u00e2ce \u00e0 notre simulateur en ligne rapide et pr\u00e9cis.","breadcrumb":{"@id":"https:\/\/immoworld.ma\/simulation-frais-de-notaire-maroc\/#breadcrumb"},"inLanguage":"ary","potentialAction":[{"@type":"ReadAction","target":["https:\/\/immoworld.ma\/simulation-frais-de-notaire-maroc\/"]}]},{"@type":"BreadcrumbList","@id":"https:\/\/immoworld.ma\/simulation-frais-de-notaire-maroc\/#breadcrumb","itemListElement":[{"@type":"ListItem","position":1,"name":"Home","item":"https:\/\/immoworld.ma\/"},{"@type":"ListItem","position":2,"name":"simulation frais notaire maroc"}]},{"@type":"WebSite","@id":"https:\/\/immoworld.ma\/#website","url":"https:\/\/immoworld.ma\/","name":"Immoworld","description":"Luxury Real Estate","publisher":{"@id":"https:\/\/immoworld.ma\/#organization"},"potentialAction":[{"@type":"SearchAction","target":{"@type":"EntryPoint","urlTemplate":"https:\/\/immoworld.ma\/?s={search_term_string}"},"query-input":{"@type":"PropertyValueSpecification","valueRequired":true,"valueName":"search_term_string"}}],"inLanguage":"ary"},{"@type":"Organization","@id":"https:\/\/immoworld.ma\/#organization","name":"Immoworld","url":"https:\/\/immoworld.ma\/","logo":{"@type":"ImageObject","inLanguage":"ary","@id":"https:\/\/immoworld.ma\/#\/schema\/logo\/image\/","url":"https:\/\/immoworld.ma\/wp-content\/uploads\/2024\/07\/IMMOWORLD_LOGO_WHITEGOLD.svg","contentUrl":"https:\/\/immoworld.ma\/wp-content\/uploads\/2024\/07\/IMMOWORLD_LOGO_WHITEGOLD.svg","width":205,"height":54,"caption":"Immoworld"},"image":{"@id":"https:\/\/immoworld.ma\/#\/schema\/logo\/image\/"}}]}},"_links":{"self":[{"href":"https:\/\/immoworld.ma\/ar\/wp-json\/wp\/v2\/pages\/4836","targetHints":{"allow":["GET"]}}],"collection":[{"href":"https:\/\/immoworld.ma\/ar\/wp-json\/wp\/v2\/pages"}],"about":[{"href":"https:\/\/immoworld.ma\/ar\/wp-json\/wp\/v2\/types\/page"}],"author":[{"embeddable":true,"href":"https:\/\/immoworld.ma\/ar\/wp-json\/wp\/v2\/users\/2"}],"replies":[{"embeddable":true,"href":"https:\/\/immoworld.ma\/ar\/wp-json\/wp\/v2\/comments?post=4836"}],"version-history":[{"count":31,"href":"https:\/\/immoworld.ma\/ar\/wp-json\/wp\/v2\/pages\/4836\/revisions"}],"predecessor-version":[{"id":16638,"href":"https:\/\/immoworld.ma\/ar\/wp-json\/wp\/v2\/pages\/4836\/revisions\/16638"}],"wp:attachment":[{"href":"https:\/\/immoworld.ma\/ar\/wp-json\/wp\/v2\/media?parent=4836"}],"curies":[{"name":"wp","href":"https:\/\/api.w.org\/{rel}","templated":true}]}}