{"id":4836,"date":"2024-07-22T19:51:41","date_gmt":"2024-07-22T17:51:41","guid":{"rendered":"https:\/\/immoworld.ma\/?page_id=4836"},"modified":"2026-04-04T17:47:10","modified_gmt":"2026-04-04T15:47:10","slug":"simulation-frais-de-notaire-maroc","status":"publish","type":"page","link":"https:\/\/immoworld.ma\/fr\/simulation-frais-de-notaire-maroc\/","title":{"rendered":"simulation frais notaire maroc"},"content":{"rendered":"\t\t<div data-elementor-type=\"wp-page\" data-elementor-id=\"4836\" class=\"elementor elementor-4836\" data-elementor-post-type=\"page\">\n\t\t\t\t\t\t<section class=\"elementor-section elementor-top-section elementor-element elementor-element-0840e20 elementor-section-full_width elementor-section-height-default elementor-section-height-default\" data-id=\"0840e20\" data-element_type=\"section\" data-e-type=\"section\" data-settings=\"{&quot;background_background&quot;:&quot;classic&quot;}\">\n\t\t\t\t\t\t<div class=\"elementor-container elementor-column-gap-default\">\n\t\t\t\t\t<div class=\"elementor-column elementor-col-100 elementor-top-column elementor-element elementor-element-da71a1d\" data-id=\"da71a1d\" data-element_type=\"column\" data-e-type=\"column\">\n\t\t\t<div class=\"elementor-widget-wrap elementor-element-populated\">\n\t\t\t\t\t\t<div class=\"elementor-element elementor-element-dfedded elementor-widget elementor-widget-heading\" data-id=\"dfedded\" data-element_type=\"widget\" data-e-type=\"widget\" data-widget_type=\"heading.default\">\n\t\t\t\t\t<h1 class=\"elementor-heading-title elementor-size-default\">Calculer l\u2019estimation des frais de notaire en un seul clic<\/h1>\t\t\t\t<\/div>\n\t\t\t\t<div class=\"elementor-element elementor-element-10d2cce elementor-widget elementor-widget-text-editor\" data-id=\"10d2cce\" data-element_type=\"widget\" data-e-type=\"widget\" data-widget_type=\"text-editor.default\">\n\t\t\t\t\t\t\t\t\t<div class=\"elementor-element elementor-element-df98263 elementor-widget elementor-widget-heading\" data-id=\"df98263\" data-element_type=\"widget\" data-e-type=\"widget\" data-widget_type=\"heading.default\"><div class=\"elementor-widget-container\">\u00a0<\/div><\/div><div class=\"elementor-element elementor-element-10110d9 elementor-widget elementor-widget-text-editor\" data-id=\"10110d9\" data-element_type=\"widget\" data-e-type=\"widget\" data-widget_type=\"text-editor.default\"><div class=\"elementor-widget-container\"><div data-sfc-cp=\"\" data-hveid=\"CAEIABAC\">Les frais de notaire au Maroc englobent\u00a0les honoraires du notaire (environ 1 \u00e0 1,5 % du prix), les droits d\u2019enregistrement (3 \u00e0 4 % selon le type de bien), la conservation fonci\u00e8re (1 % + frais fixes), et des frais annexes (TVA, timbres), totalisant souvent 7 \u00e0 8 % du prix d\u2019achat pour l\u2019ancien, avec des variations selon le bien (neuf ou ancien) et la complexit\u00e9 de la transaction, d\u2019o\u00f9 l\u2019importance de demander un devis d\u00e9taill\u00e9.\u00a0<\/div><div class=\"Fsg96\" data-sfc-cp=\"\">\u00a0<\/div><div id=\"sdh_osdfafSgN5agi-gPjI704A4_12\">\u00a0<\/div><div id=\"sdh_osdfafSgN5agi-gPjI704A4_17\"><div class=\"Y3BBE\" data-sfc-cp=\"\" data-hveid=\"CAEICBAA\">\u00a0<\/div><\/div><\/div><\/div>\t\t\t\t\t\t\t\t<\/div>\n\t\t\t\t<div class=\"elementor-element elementor-element-44fb393 elementor-widget elementor-widget-heading\" data-id=\"44fb393\" data-element_type=\"widget\" data-e-type=\"widget\" data-widget_type=\"heading.default\">\n\t\t\t\t\t<h2 class=\"elementor-heading-title elementor-size-default\">D\u00e9tail des principaux frais<\/h2>\t\t\t\t<\/div>\n\t\t\t\t<div class=\"elementor-element elementor-element-fe6b445 elementor-widget elementor-widget-text-editor\" data-id=\"fe6b445\" data-element_type=\"widget\" data-e-type=\"widget\" data-widget_type=\"text-editor.default\">\n\t\t\t\t\t\t\t\t\t<ul><li><span class=\"T286Pc\" data-sfc-cp=\"\"><strong class=\"Yjhzub\">Honoraires du Notaire<\/strong>\u00a0: Ils sont progressifs et souvent autour de 1 % \u00e0 1,5 % du prix de vente, plafonn\u00e9s \u00e0 un certain montant pour les transactions \u00e9lev\u00e9es.<\/span><\/li><li><span class=\"T286Pc\" data-sfc-cp=\"\"><strong class=\"Yjhzub\">Droits d\u2019Enregistrement (Imp\u00f4ts)<\/strong>\u00a0:<br \/><\/span><strong class=\"Yjhzub\">4 %<\/strong>\u00a0pour un bien immobilier classique (ancien).<br \/><strong class=\"Yjhzub\">3 %<\/strong>\u00a0pour un logement social ou neuf.<br \/><strong class=\"Yjhzub\">5 %<\/strong>\u00a0pour un terrain nu (sauf engagement de construction).<\/li><\/ul><div id=\"sdh_osdfafSgN5agi-gPjI704A4_3\"><ul><li><span class=\"T286Pc\" data-sfc-cp=\"\"><strong class=\"Yjhzub\">Conservation Fonci\u00e8re (Taxe)<\/strong>\u00a0: Environ 1,5 % du prix + frais fixes (environ 200 Dhs).<\/span><\/li><\/ul><\/div><div id=\"sdh_osdfafSgN5agi-gPjI704A4_4\"><ul><li data-hveid=\"CAEIBBAA\"><span class=\"T286Pc\" data-sfc-cp=\"\"><strong class=\"Yjhzub\">TVA<\/strong>\u00a0: 10 % sur les honoraires du notaire.<\/span><\/li><\/ul><\/div><div id=\"sdh_osdfafSgN5agi-gPjI704A4_5\"><ul><li data-hveid=\"CAEIBRAA\"><span class=\"T286Pc\" data-sfc-cp=\"\"><strong class=\"Yjhzub\">Autres frais (Dossier\/Timbres)<\/strong>\u00a0: Frais de dossier, certificats, inscription hypoth\u00e9caire si n\u00e9cessaire (variables).<\/span><span class=\"uJ19be notranslate\" data-wiz-uids=\"fi46Jd_3r,fi46Jd_3s\"><span class=\"vKEkVd\" data-animation-atomic=\"\" data-wiz-attrbind=\"class=fi46Jd_3q\/TKHnVd\">\u00a0<\/span><\/span><\/li><\/ul><\/div>\t\t\t\t\t\t\t\t<\/div>\n\t\t\t\t<div class=\"elementor-element elementor-element-0bf6223 elementor-widget elementor-widget-heading\" data-id=\"0bf6223\" data-element_type=\"widget\" data-e-type=\"widget\" data-widget_type=\"heading.default\">\n\t\t\t\t\t<h2 class=\"elementor-heading-title elementor-size-default\">Exemple estimatif (achat d\u2019un bien \u00e0 1 000 000 MAD)<\/h2>\t\t\t\t<\/div>\n\t\t\t\t<div class=\"elementor-element elementor-element-af9c399 elementor-widget elementor-widget-text-editor\" data-id=\"af9c399\" data-element_type=\"widget\" data-e-type=\"widget\" data-widget_type=\"text-editor.default\">\n\t\t\t\t\t\t\t\t\t<div id=\"sdh_osdfafSgN5agi-gPjI704A4_14\"><ul class=\"KsbFXc U6u95\"><li data-hveid=\"CAEIBxAA\"><span class=\"T286Pc\" data-sfc-cp=\"\"><strong class=\"Yjhzub\">Honoraires (1,25 %)<\/strong>\u00a0: 12 500 MAD (plus TVA)<\/span><\/li><li data-hveid=\"CAEIBxAB\"><span class=\"T286Pc\" data-sfc-cp=\"\"><strong class=\"Yjhzub\">Droits d\u2019enregistrement (4 %)<\/strong>\u00a0: 40 000 MAD<\/span><\/li><li data-hveid=\"CAEIBxAC\"><span class=\"T286Pc\" data-sfc-cp=\"\"><strong class=\"Yjhzub\">Conservation Fonci\u00e8re (1,5 % + fixe)<\/strong>\u00a0: environ 15 000 MAD + frais<\/span><\/li><li data-hveid=\"CAEIBxAD\"><span class=\"T286Pc\" data-sfc-cp=\"\"><strong class=\"Yjhzub\">Total estim\u00e9<\/strong>\u00a0: Environ 70 000 \u00e0 80 000 MAD, soit 7 \u00e0 8 % du prix.<\/span><span class=\"uJ19be notranslate\" data-wiz-uids=\"fi46Jd_4i,fi46Jd_4j\"><span class=\"vKEkVd\" data-animation-atomic=\"\" data-wiz-attrbind=\"class=fi46Jd_4h\/TKHnVd\">\u00a0<\/span><\/span><\/li><\/ul><\/div><div id=\"sdh_osdfafSgN5agi-gPjI704A4_16\">\u00a0<\/div><div id=\"sdh_osdfafSgN5agi-gPjI704A4_17\"><div class=\"Y3BBE\" data-sfc-cp=\"\" data-hveid=\"CAEICBAA\"><strong class=\"Yjhzub\">Conseil :<\/strong>\u00a0N\u2019h\u00e9sitez jamais \u00e0 demander un devis pr\u00e9cis au notaire avant de vous engager, car les frais peuvent varier.<span class=\"uJ19be notranslate\" data-wiz-uids=\"fi46Jd_4p,fi46Jd_4q\"><span class=\"vKEkVd\" data-animation-atomic=\"\" data-wiz-attrbind=\"class=fi46Jd_4o\/TKHnVd\">\u00a0<\/span><\/span><\/div><\/div>\t\t\t\t\t\t\t\t<\/div>\n\t\t\t\t<div class=\"elementor-element elementor-element-c338c2f elementor-widget-mobile__width-auto elementor-widget elementor-widget-shortcode\" data-id=\"c338c2f\" data-element_type=\"widget\" data-e-type=\"widget\" id=\"calcul-frais\" data-widget_type=\"shortcode.default\">\n\t\t\t\t\t\t\t<div class=\"elementor-shortcode\">    <form id=\"notaryForm\">\r\n      <div class=\"notaryDiv\">\r\n          <label for=\"acquisitionAmount\">Montant de l'acquisition (MAD):<\/label>\r\n          <input type=\"number\" id=\"acquisitionAmount\" name=\"acquisitionAmount\" placeholder=\"1000000\" required>\r\n          <span id=\"emptyAcquisition\" style=\"display: none; color: red;\">Veuillez donner un montant de l'acquisition.<\/span>\r\n      <\/div>\r\n      \r\n      <div class=\"notaryDiv\">\r\n          <label for=\"loanAmount\">Montant du pr\u00eat (MAD):<\/label>\r\n          <input type=\"number\" id=\"loanAmount\" name=\"loanAmount\" placeholder=\"500000\" required>\r\n          <span id=\"emptyLoan\" style=\"display: none; color: red;\">Veuillez donner un montant du pr\u00eat.<\/span>\r\n      <\/div>\r\n      \r\n      <div class=\"notaryDiv\">\r\n          <input type=\"button\" value=\"Calculer\" onclick=\"calculateNotaryFees()\">\r\n      <\/div>\r\n      \r\n    <\/form>\r\n\r\n    <div id=\"result\" class=\"hidden\">\r\n      <h3>Table des frais de notaire<\/h3>\r\n      <table id=\"feesTable\" border=\"1\">\r\n        <tr>\r\n          <th>Frais de notaire<\/th>\r\n          <th>Montant<\/th>\r\n          <th>%<\/th>\r\n        <\/tr>\r\n        <tr>\r\n          <td>Frais d'enregistrement<\/td>\r\n          <td id=\"registrationFees\">--- MAD<\/td>\r\n          <td id=\"registrationFeesPercent\">59.02%<\/td>\r\n        <\/tr>\r\n        <tr>\r\n          <td>Conservation Fonci\u00e8re (frais fixe)<\/td>\r\n          <td id=\"landRegistryFixedFees\">100 MAD<\/td>\r\n          <td id=\"landRegistryFixedFeesPercent\">--- %<\/td>\r\n        <\/tr>\r\n        <tr>\r\n          <td>Conservation Fonci\u00e8re<\/td>\r\n          <td id=\"landRegistryFees\">--- MAD<\/td>\r\n          <td id=\"landRegistryFeesPercent\">--- %<\/td>\r\n        <\/tr>\r\n        <tr>\r\n          <td>Frais de dossier<\/td>\r\n          <td id=\"fileFees\">--- MAD<\/td>\r\n          <td id=\"fileFeesPercent\">--- %<\/td>\r\n        <\/tr>\r\n        <tr>\r\n          <td>2 Certificats de propri\u00e9t\u00e9<\/td>\r\n          <td id=\"propertyCertificates\">--- MAD<\/td>\r\n          <td id=\"propertyCertificatesPercent\">--- %<\/td>\r\n        <\/tr>\r\n        <tr>\r\n          <td>Frais d'hypoth\u00e8que<\/td>\r\n          <td id=\"mortgageFees\">--- MAD<\/td>\r\n          <td id=\"mortgageFeesPercent\">--- %<\/td>\r\n        <\/tr>\r\n        <tr>\r\n          <td>Honoraires HT du notaire<\/td>\r\n          <td id=\"notaryFees\">--- MAD<\/td>\r\n          <td id=\"notaryFeesPercent\">--- %<\/td>\r\n        <\/tr>\r\n        <tr>\r\n          <td>TVA<\/td>\r\n          <td id=\"vat\">--- MAD<\/td>\r\n          <td id=\"vatPercent\">--- %<\/td>\r\n        <\/tr>\r\n        <tr class=\"total\">\r\n          <td>Total des frais de notaire<\/td>\r\n          <td id=\"totalFees\">--- MAD<\/td>\r\n          <td>100%<\/td>\r\n        <\/tr>\r\n      <\/table>\r\n    <\/div>\r\n    <\/div>\n\t\t\t\t\t\t<\/div>\n\t\t\t\t\t<\/div>\n\t\t<\/div>\n\t\t\t\t\t<\/div>\n\t\t<\/section>\n\t\t\t\t<\/div>\n\t\t","protected":false},"excerpt":{"rendered":"<p>Calculer l\u2019estimation des frais de notaire en un seul clic Les frais de notaire au Maroc englobent\u00a0les honoraires du notaire (environ 1 \u00e0 1,5 % du prix), les droits d\u2019enregistrement (3 \u00e0 4 % selon le type de bien), la conservation fonci\u00e8re (1 % + frais fixes), et des frais annexes (TVA, timbres), totalisant souvent&#8230;<\/p>\n","protected":false},"author":2,"featured_media":0,"parent":0,"menu_order":0,"comment_status":"closed","ping_status":"closed","template":"","meta":{"_acf_changed":false,"inline_featured_image":false,"footnotes":""},"class_list":["post-4836","page","type-page","status-publish","hentry"],"acf":[],"yoast_head":"<!-- This site is optimized with the Yoast SEO plugin v27.4 - https:\/\/yoast.com\/product\/yoast-seo-wordpress\/ -->\n<title>simulation frais notaire maroc - Immoworld<\/title>\n<meta name=\"description\" content=\"Calculez facilement les frais de notaire pour votre bien immobilier au Maroc gr\u00e2ce \u00e0 notre simulateur en ligne rapide et pr\u00e9cis.\" \/>\n<meta name=\"robots\" content=\"index, follow, max-snippet:-1, max-image-preview:large, max-video-preview:-1\" \/>\n<link rel=\"canonical\" href=\"https:\/\/immoworld.ma\/fr\/simulation-frais-de-notaire-maroc\/\" \/>\n<meta property=\"og:locale\" content=\"fr_FR\" \/>\n<meta property=\"og:type\" content=\"article\" \/>\n<meta property=\"og:title\" content=\"simulation frais notaire maroc - Immoworld\" \/>\n<meta property=\"og:description\" content=\"Calculez facilement les frais de notaire pour votre bien immobilier au Maroc gr\u00e2ce \u00e0 notre simulateur en ligne rapide et pr\u00e9cis.\" \/>\n<meta property=\"og:url\" content=\"https:\/\/immoworld.ma\/fr\/simulation-frais-de-notaire-maroc\/\" \/>\n<meta property=\"og:site_name\" content=\"Immoworld\" \/>\n<meta property=\"article:modified_time\" content=\"2026-04-04T15:47:10+00:00\" \/>\n<meta name=\"twitter:card\" content=\"summary_large_image\" \/>\n<meta name=\"twitter:label1\" content=\"Dur\u00e9e de lecture estim\u00e9e\" \/>\n\t<meta name=\"twitter:data1\" content=\"2 minutes\" \/>\n<script type=\"application\/ld+json\" class=\"yoast-schema-graph\">{\"@context\":\"https:\\\/\\\/schema.org\",\"@graph\":[{\"@type\":\"WebPage\",\"@id\":\"https:\\\/\\\/immoworld.ma\\\/simulation-frais-de-notaire-maroc\\\/\",\"url\":\"https:\\\/\\\/immoworld.ma\\\/simulation-frais-de-notaire-maroc\\\/\",\"name\":\"simulation frais notaire maroc - Immoworld\",\"isPartOf\":{\"@id\":\"https:\\\/\\\/immoworld.ma\\\/#website\"},\"datePublished\":\"2024-07-22T17:51:41+00:00\",\"dateModified\":\"2026-04-04T15:47:10+00:00\",\"description\":\"Calculez facilement les frais de notaire pour votre bien immobilier au Maroc gr\u00e2ce \u00e0 notre simulateur en ligne rapide et pr\u00e9cis.\",\"breadcrumb\":{\"@id\":\"https:\\\/\\\/immoworld.ma\\\/simulation-frais-de-notaire-maroc\\\/#breadcrumb\"},\"inLanguage\":\"fr-FR\",\"potentialAction\":[{\"@type\":\"ReadAction\",\"target\":[\"https:\\\/\\\/immoworld.ma\\\/simulation-frais-de-notaire-maroc\\\/\"]}]},{\"@type\":\"BreadcrumbList\",\"@id\":\"https:\\\/\\\/immoworld.ma\\\/simulation-frais-de-notaire-maroc\\\/#breadcrumb\",\"itemListElement\":[{\"@type\":\"ListItem\",\"position\":1,\"name\":\"Home\",\"item\":\"https:\\\/\\\/immoworld.ma\\\/\"},{\"@type\":\"ListItem\",\"position\":2,\"name\":\"simulation frais notaire maroc\"}]},{\"@type\":\"WebSite\",\"@id\":\"https:\\\/\\\/immoworld.ma\\\/#website\",\"url\":\"https:\\\/\\\/immoworld.ma\\\/\",\"name\":\"Immoworld\",\"description\":\"Luxury Real Estate\",\"publisher\":{\"@id\":\"https:\\\/\\\/immoworld.ma\\\/#organization\"},\"potentialAction\":[{\"@type\":\"SearchAction\",\"target\":{\"@type\":\"EntryPoint\",\"urlTemplate\":\"https:\\\/\\\/immoworld.ma\\\/?s={search_term_string}\"},\"query-input\":{\"@type\":\"PropertyValueSpecification\",\"valueRequired\":true,\"valueName\":\"search_term_string\"}}],\"inLanguage\":\"fr-FR\"},{\"@type\":\"Organization\",\"@id\":\"https:\\\/\\\/immoworld.ma\\\/#organization\",\"name\":\"Immoworld\",\"url\":\"https:\\\/\\\/immoworld.ma\\\/\",\"logo\":{\"@type\":\"ImageObject\",\"inLanguage\":\"fr-FR\",\"@id\":\"https:\\\/\\\/immoworld.ma\\\/#\\\/schema\\\/logo\\\/image\\\/\",\"url\":\"https:\\\/\\\/immoworld.ma\\\/wp-content\\\/uploads\\\/2024\\\/07\\\/IMMOWORLD_LOGO_WHITEGOLD.svg\",\"contentUrl\":\"https:\\\/\\\/immoworld.ma\\\/wp-content\\\/uploads\\\/2024\\\/07\\\/IMMOWORLD_LOGO_WHITEGOLD.svg\",\"width\":205,\"height\":54,\"caption\":\"Immoworld\"},\"image\":{\"@id\":\"https:\\\/\\\/immoworld.ma\\\/#\\\/schema\\\/logo\\\/image\\\/\"}}]}<\/script>\n<!-- \/ Yoast SEO plugin. -->","yoast_head_json":{"title":"simulation frais notaire maroc - Immoworld","description":"Calculez facilement les frais de notaire pour votre bien immobilier au Maroc gr\u00e2ce \u00e0 notre simulateur en ligne rapide et pr\u00e9cis.","robots":{"index":"index","follow":"follow","max-snippet":"max-snippet:-1","max-image-preview":"max-image-preview:large","max-video-preview":"max-video-preview:-1"},"canonical":"https:\/\/immoworld.ma\/fr\/simulation-frais-de-notaire-maroc\/","og_locale":"fr_FR","og_type":"article","og_title":"simulation frais notaire maroc - Immoworld","og_description":"Calculez facilement les frais de notaire pour votre bien immobilier au Maroc gr\u00e2ce \u00e0 notre simulateur en ligne rapide et pr\u00e9cis.","og_url":"https:\/\/immoworld.ma\/fr\/simulation-frais-de-notaire-maroc\/","og_site_name":"Immoworld","article_modified_time":"2026-04-04T15:47:10+00:00","twitter_card":"summary_large_image","twitter_misc":{"Dur\u00e9e de lecture estim\u00e9e":"2 minutes"},"schema":{"@context":"https:\/\/schema.org","@graph":[{"@type":"WebPage","@id":"https:\/\/immoworld.ma\/simulation-frais-de-notaire-maroc\/","url":"https:\/\/immoworld.ma\/simulation-frais-de-notaire-maroc\/","name":"simulation frais notaire maroc - Immoworld","isPartOf":{"@id":"https:\/\/immoworld.ma\/#website"},"datePublished":"2024-07-22T17:51:41+00:00","dateModified":"2026-04-04T15:47:10+00:00","description":"Calculez facilement les frais de notaire pour votre bien immobilier au Maroc gr\u00e2ce \u00e0 notre simulateur en ligne rapide et pr\u00e9cis.","breadcrumb":{"@id":"https:\/\/immoworld.ma\/simulation-frais-de-notaire-maroc\/#breadcrumb"},"inLanguage":"fr-FR","potentialAction":[{"@type":"ReadAction","target":["https:\/\/immoworld.ma\/simulation-frais-de-notaire-maroc\/"]}]},{"@type":"BreadcrumbList","@id":"https:\/\/immoworld.ma\/simulation-frais-de-notaire-maroc\/#breadcrumb","itemListElement":[{"@type":"ListItem","position":1,"name":"Home","item":"https:\/\/immoworld.ma\/"},{"@type":"ListItem","position":2,"name":"simulation frais notaire maroc"}]},{"@type":"WebSite","@id":"https:\/\/immoworld.ma\/#website","url":"https:\/\/immoworld.ma\/","name":"Immoworld","description":"Luxury Real Estate","publisher":{"@id":"https:\/\/immoworld.ma\/#organization"},"potentialAction":[{"@type":"SearchAction","target":{"@type":"EntryPoint","urlTemplate":"https:\/\/immoworld.ma\/?s={search_term_string}"},"query-input":{"@type":"PropertyValueSpecification","valueRequired":true,"valueName":"search_term_string"}}],"inLanguage":"fr-FR"},{"@type":"Organization","@id":"https:\/\/immoworld.ma\/#organization","name":"Immoworld","url":"https:\/\/immoworld.ma\/","logo":{"@type":"ImageObject","inLanguage":"fr-FR","@id":"https:\/\/immoworld.ma\/#\/schema\/logo\/image\/","url":"https:\/\/immoworld.ma\/wp-content\/uploads\/2024\/07\/IMMOWORLD_LOGO_WHITEGOLD.svg","contentUrl":"https:\/\/immoworld.ma\/wp-content\/uploads\/2024\/07\/IMMOWORLD_LOGO_WHITEGOLD.svg","width":205,"height":54,"caption":"Immoworld"},"image":{"@id":"https:\/\/immoworld.ma\/#\/schema\/logo\/image\/"}}]}},"_links":{"self":[{"href":"https:\/\/immoworld.ma\/fr\/wp-json\/wp\/v2\/pages\/4836","targetHints":{"allow":["GET"]}}],"collection":[{"href":"https:\/\/immoworld.ma\/fr\/wp-json\/wp\/v2\/pages"}],"about":[{"href":"https:\/\/immoworld.ma\/fr\/wp-json\/wp\/v2\/types\/page"}],"author":[{"embeddable":true,"href":"https:\/\/immoworld.ma\/fr\/wp-json\/wp\/v2\/users\/2"}],"replies":[{"embeddable":true,"href":"https:\/\/immoworld.ma\/fr\/wp-json\/wp\/v2\/comments?post=4836"}],"version-history":[{"count":31,"href":"https:\/\/immoworld.ma\/fr\/wp-json\/wp\/v2\/pages\/4836\/revisions"}],"predecessor-version":[{"id":16638,"href":"https:\/\/immoworld.ma\/fr\/wp-json\/wp\/v2\/pages\/4836\/revisions\/16638"}],"wp:attachment":[{"href":"https:\/\/immoworld.ma\/fr\/wp-json\/wp\/v2\/media?parent=4836"}],"curies":[{"name":"wp","href":"https:\/\/api.w.org\/{rel}","templated":true}]}}