{"id":11259,"date":"2025-07-21T12:23:07","date_gmt":"2025-07-21T10:23:07","guid":{"rendered":"https:\/\/immoworld.ma\/?page_id=11259"},"modified":"2026-04-03T14:08:08","modified_gmt":"2026-04-03T12:08:08","slug":"simulateur-notaire","status":"publish","type":"page","link":"https:\/\/immoworld.ma\/nl\/simulateur-notaire\/","title":{"rendered":"Notarissimulator"},"content":{"rendered":"<div data-elementor-type=\"wp-page\" data-elementor-id=\"11259\" class=\"elementor elementor-11259\" data-elementor-post-type=\"page\">\n\t\t\t\t\t\t<section class=\"elementor-section elementor-top-section elementor-element elementor-element-0840e20 elementor-section-boxed elementor-section-height-default elementor-section-height-default\" data-id=\"0840e20\" data-element_type=\"section\" data-e-type=\"section\">\n\t\t\t\t\t\t<div class=\"elementor-container elementor-column-gap-default\">\n\t\t\t\t\t<div class=\"elementor-column elementor-col-100 elementor-top-column elementor-element elementor-element-da71a1d\" data-id=\"da71a1d\" data-element_type=\"column\" data-e-type=\"column\">\n\t\t\t<div class=\"elementor-widget-wrap elementor-element-populated\">\n\t\t\t\t\t\t<div class=\"elementor-element elementor-element-04f4a99 elementor-widget elementor-widget-heading\" data-id=\"04f4a99\" data-element_type=\"widget\" data-e-type=\"widget\" data-widget_type=\"heading.default\">\n\t\t\t\t\t<h1 class=\"elementor-heading-title elementor-size-default\">Bereken de geschatte notariskosten in \u00e9\u00e9n klik.<\/h1>\t\t\t\t<\/div>\n\t\t\t\t<div class=\"elementor-element elementor-element-dddf071 elementor-widget elementor-widget-text-editor\" data-id=\"dddf071\" data-element_type=\"widget\" data-e-type=\"widget\" data-widget_type=\"text-editor.default\">\n\t\t\t\t\t\t\t\t\t<div class=\"elementor-element elementor-element-df98263 elementor-widget elementor-widget-heading\" data-id=\"df98263\" data-element_type=\"widget\" data-e-type=\"widget\" data-widget_type=\"heading.default\"><div class=\"elementor-widget-container\">\u00a0<\/div><\/div><div class=\"elementor-element elementor-element-10110d9 elementor-widget elementor-widget-text-editor\" data-id=\"10110d9\" data-element_type=\"widget\" data-e-type=\"widget\" data-widget_type=\"text-editor.default\"><div class=\"elementor-widget-container\"><div data-sfc-cp=\"\" data-hveid=\"CAEIABAC\">De notariskosten in Marokko omvatten de erelonen van de notaris (ongeveer 1 tot 1,5% van de aankoopprijs), registratierechten (3 tot 4% afhankelijk van het type woning), kosten voor de kadastrale registratie (1% + vaste kosten) en bijkomende kosten (btw, zegelrechten). Samen bedragen deze vaak ongeveer 7 tot 8% van de aankoopprijs voor bestaande woningen. Deze kosten kunnen vari\u00ebren afhankelijk van het type woning (nieuw of bestaand) en de complexiteit van de transactie. Daarom is het belangrijk om een gedetailleerde offerte aan te vragen.\u00a0<\/div><div class=\"Fsg96\" data-sfc-cp=\"\">\u00a0<\/div><div id=\"sdh_osdfafSgN5agi-gPjI704A4_12\">\u00a0<\/div><div id=\"sdh_osdfafSgN5agi-gPjI704A4_17\"><div class=\"Y3BBE\" data-sfc-cp=\"\" data-hveid=\"CAEICBAA\">\u00a0<\/div><\/div><\/div><\/div>\t\t\t\t\t\t\t\t<\/div>\n\t\t\t\t<div class=\"elementor-element elementor-element-39b01b6 elementor-widget elementor-widget-heading\" data-id=\"39b01b6\" data-element_type=\"widget\" data-e-type=\"widget\" data-widget_type=\"heading.default\">\n\t\t\t\t\t<h2 class=\"elementor-heading-title elementor-size-default\">Overzicht van de belangrijkste kosten<\/h2>\t\t\t\t<\/div>\n\t\t\t\t<div class=\"elementor-element elementor-element-b579a75 elementor-widget elementor-widget-text-editor\" data-id=\"b579a75\" data-element_type=\"widget\" data-e-type=\"widget\" data-widget_type=\"text-editor.default\">\n\t\t\t\t\t\t\t\t\t<ul><li class=\"translation-block\"><span class=\"T286Pc\" data-sfc-cp=\"\"><strong class=\"Yjhzub\">Notariskosten<\/strong>: Deze zijn progressief en liggen meestal rond 1% tot 1,5% van de verkoopprijs, met een maximumplafond voor transacties met een hoge waarde.<\/span><\/li><li class=\"translation-block\"><span class=\"T286Pc\" data-sfc-cp=\"\"><strong class=\"Yjhzub\">Registratierechten (Belastingen)<\/strong>:<br><\/span><strong class=\"Yjhzub\">4%<\/strong> voor een standaard woning (bestaand).<br><strong class=\"Yjhzub\">3%<\/strong> voor sociale huisvesting of een nieuwbouwwoning.<br><strong class=\"Yjhzub\">5%<\/strong> voor onbebouwde grond (tenzij er een bouwverplichting is).<\/li><\/ul><div id=\"sdh_osdfafSgN5agi-gPjI704A4_3\"><ul><li class=\"translation-block\"><span class=\"T286Pc\" data-sfc-cp=\"\"><strong class=\"Yjhzub\">Kadastrale Registratie (Belasting)<\/strong>: Ongeveer 1,5% van de prijs + vaste kosten (ongeveer 200 MAD).<\/span><\/li><\/ul><\/div><div id=\"sdh_osdfafSgN5agi-gPjI704A4_4\"><ul><li data-hveid=\"CAEIBBAA\" class=\"translation-block\"><span class=\"T286Pc\" data-sfc-cp=\"\"><strong class=\"Yjhzub\">BTW<\/strong>: 10% op de notariskosten.<\/span><\/li><\/ul><\/div><div id=\"sdh_osdfafSgN5agi-gPjI704A4_5\"><ul><li data-hveid=\"CAEIBRAA\" class=\"translation-block\"><span class=\"T286Pc\" data-sfc-cp=\"\"><strong class=\"Yjhzub\">Overige kosten (Dossier\/Zegels)<\/strong>: Dossierkosten, certificaten, hypothecaire inschrijving indien nodig (variabel).<\/span><span class=\"uJ19be notranslate\" data-wiz-uids=\"fi46Jd_3r,fi46Jd_3s\"><span class=\"vKEkVd\" data-animation-atomic=\"\" data-wiz-attrbind=\"class=fi46Jd_3q\/TKHnVd\"> <\/span><\/span><\/li><\/ul><\/div>\t\t\t\t\t\t\t\t<\/div>\n\t\t\t\t<div class=\"elementor-element elementor-element-d5ce543 elementor-widget elementor-widget-heading\" data-id=\"d5ce543\" data-element_type=\"widget\" data-e-type=\"widget\" data-widget_type=\"heading.default\">\n\t\t\t\t\t<h2 class=\"elementor-heading-title elementor-size-default\">Raming voorbeeld (aankoop van een woning van 1.000.000 MAD)<\/h2>\t\t\t\t<\/div>\n\t\t\t\t<div class=\"elementor-element elementor-element-748d3d2 elementor-widget elementor-widget-text-editor\" data-id=\"748d3d2\" data-element_type=\"widget\" data-e-type=\"widget\" data-widget_type=\"text-editor.default\">\n\t\t\t\t\t\t\t\t\t<div id=\"sdh_osdfafSgN5agi-gPjI704A4_14\"><ul class=\"KsbFXc U6u95\"><li data-hveid=\"CAEIBxAA\" class=\"translation-block\"><span class=\"T286Pc\" data-sfc-cp=\"\"><strong class=\"Yjhzub\">Honoraria (1,25%)<\/strong>: 12.500 MAD (exclusief btw)<\/span><\/li><li data-hveid=\"CAEIBxAB\" class=\"translation-block\"><span class=\"T286Pc\" data-sfc-cp=\"\"><strong class=\"Yjhzub\">Registratierechten (4%)<\/strong>: 40.000 MAD<\/span><\/li><li data-hveid=\"CAEIBxAC\" class=\"translation-block\"><span class=\"T286Pc\" data-sfc-cp=\"\"><strong class=\"Yjhzub\">Kadastrale registratie (1,5% + vast)<\/strong>: ongeveer 15.000 MAD + kosten<\/span><\/li><li data-hveid=\"CAEIBxAD\" class=\"translation-block\"><span class=\"T286Pc\" data-sfc-cp=\"\"><strong class=\"Yjhzub\">Geschat totaal<\/strong>: Ongeveer 70.000 tot 80.000 MAD, oftewel 7 tot 8% van de prijs.<\/span><span class=\"uJ19be notranslate\" data-wiz-uids=\"fi46Jd_4i,fi46Jd_4j\"><span class=\"vKEkVd\" data-animation-atomic=\"\" data-wiz-attrbind=\"class=fi46Jd_4h\/TKHnVd\"> <\/span><\/span><\/li><\/ul><\/div><div id=\"sdh_osdfafSgN5agi-gPjI704A4_16\">\u00a0<\/div><div id=\"sdh_osdfafSgN5agi-gPjI704A4_17\"><div class=\"Y3BBE translation-block\" data-sfc-cp=\"\" data-hveid=\"CAEICBAA\"><strong class=\"Yjhzub\">Tip:<\/strong> Aarzel nooit om v\u00f3\u00f3r uw beslissing een gedetailleerde offerte bij de notaris aan te vragen, aangezien de kosten kunnen vari\u00ebren.<span class=\"uJ19be notranslate\" data-wiz-uids=\"fi46Jd_4p,fi46Jd_4q\"><span class=\"vKEkVd\" data-animation-atomic=\"\" data-wiz-attrbind=\"class=fi46Jd_4o\/TKHnVd\"> <\/span><\/span><\/div><\/div>\t\t\t\t\t\t\t\t<\/div>\n\t\t\t\t<div class=\"elementor-element elementor-element-c338c2f elementor-widget elementor-widget-shortcode\" data-id=\"c338c2f\" data-element_type=\"widget\" data-e-type=\"widget\" id=\"calcul-frais\" data-widget_type=\"shortcode.default\">\n\t\t\t\t\t\t\t<div class=\"elementor-shortcode\">    <form id=\"notaryForm\" action=\"\">\r\n      <div class=\"notaryDiv\">\r\n          <label for=\"acquisitionAmount\">Aankoopbedrag (MAD):<\/label>\r\n          <input type=\"number\" id=\"acquisitionAmount\" name=\"acquisitionAmount\" placeholder=\"1000000\" required>\r\n          <span id=\"emptyAcquisition\" style=\"display: none; color: red;\">Veuillez donner un montant de l'acquisition.<\/span>\r\n      <\/div>\r\n      \r\n      <div class=\"notaryDiv\">\r\n          <label for=\"loanAmount\">Leenbedrag (MAD):<\/label>\r\n          <input type=\"number\" id=\"loanAmount\" name=\"loanAmount\" placeholder=\"500000\" required>\r\n          <span id=\"emptyLoan\" style=\"display: none; color: red;\">Veuillez donner un montant du pr\u00eat.<\/span>\r\n      <\/div>\r\n      \r\n      <div class=\"notaryDiv\">\r\n          <input type=\"button\" value=\"Berekenen\" onclick=\"calculateNotaryFees()\">\r\n      <\/div>\r\n      \r\n    <input type=\"hidden\" name=\"trp-form-language\" value=\"nl\"\/><\/form>\r\n\r\n    <div id=\"result\" class=\"hidden\">\r\n      <h3>Tabel van notariskosten<\/h3>\r\n      <table id=\"feesTable\" border=\"1\">\r\n        <tr>\r\n          <th>Notariskosten<\/th>\r\n          <th>Bedrag<\/th>\r\n          <th>%<\/th>\r\n        <\/tr>\r\n        <tr>\r\n          <td>Registratiekosten<\/td>\r\n          <td id=\"registrationFees\">--- MAD<\/td>\r\n          <td id=\"registrationFeesPercent\">59.02%<\/td>\r\n        <\/tr>\r\n        <tr>\r\n          <td>Kadaster (vaste kosten)<\/td>\r\n          <td id=\"landRegistryFixedFees\">100 MAD<\/td>\r\n          <td id=\"landRegistryFixedFeesPercent\">--- %<\/td>\r\n        <\/tr>\r\n        <tr>\r\n          <td>Kadaster<\/td>\r\n          <td id=\"landRegistryFees\">--- MAD<\/td>\r\n          <td id=\"landRegistryFeesPercent\">--- %<\/td>\r\n        <\/tr>\r\n        <tr>\r\n          <td>Dossierkosten<\/td>\r\n          <td id=\"fileFees\">--- MAD<\/td>\r\n          <td id=\"fileFeesPercent\">--- %<\/td>\r\n        <\/tr>\r\n        <tr>\r\n          <td>2 Eigendomsbewijzen<\/td>\r\n          <td id=\"propertyCertificates\">--- MAD<\/td>\r\n          <td id=\"propertyCertificatesPercent\">--- %<\/td>\r\n        <\/tr>\r\n        <tr>\r\n          <td>Hypotheekkosten<\/td>\r\n          <td id=\"mortgageFees\">--- MAD<\/td>\r\n          <td id=\"mortgageFeesPercent\">--- %<\/td>\r\n        <\/tr>\r\n        <tr>\r\n          <td>Notariskosten (exclusief belasting)<\/td>\r\n          <td id=\"notaryFees\">--- MAD<\/td>\r\n          <td id=\"notaryFeesPercent\">--- %<\/td>\r\n        <\/tr>\r\n        <tr>\r\n          <td>BTW<\/td>\r\n          <td id=\"vat\">--- MAD<\/td>\r\n          <td id=\"vatPercent\">--- %<\/td>\r\n        <\/tr>\r\n        <tr class=\"total\">\r\n          <td>Totale notariskosten<\/td>\r\n          <td id=\"totalFees\">--- MAD<\/td>\r\n          <td>100%<\/td>\r\n        <\/tr>\r\n      <\/table>\r\n    <\/div>\r\n    <\/div>\n\t\t\t\t\t\t<\/div>\n\t\t\t\t\t<\/div>\n\t\t<\/div>\n\t\t\t\t\t<\/div>\n\t\t<\/section>\n\t\t\t\t<\/div>","protected":false},"excerpt":{"rendered":"<p>Calculer l\u2019estimation des frais de notaire en un seul clic Les frais de notaire au Maroc englobent\u00a0les honoraires du notaire (environ 1 \u00e0 1,5 % du prix), les droits d\u2019enregistrement (3 \u00e0 4 % selon le type de bien), la conservation fonci\u00e8re (1 % + frais fixes), et des frais annexes (TVA, timbres), totalisant souvent&#8230;<\/p>","protected":false},"author":3,"featured_media":0,"parent":0,"menu_order":0,"comment_status":"closed","ping_status":"closed","template":"","meta":{"_acf_changed":false,"inline_featured_image":false,"footnotes":""},"class_list":["post-11259","page","type-page","status-publish","hentry"],"acf":[],"yoast_head":"<!-- This site is optimized with the Yoast SEO plugin v27.4 - https:\/\/yoast.com\/product\/yoast-seo-wordpress\/ -->\n<title>Simulateur notaire - Immoworld<\/title>\n<meta name=\"description\" content=\"Calculez facilement vos frais de notaire au Maroc en 2025 : taxes, honoraires et frais annexes pour tout achat immobilier. Outil rapide, pr\u00e9cis et gratuit pour acheteurs et investisseurs.\" \/>\n<meta name=\"robots\" content=\"index, follow, max-snippet:-1, max-image-preview:large, max-video-preview:-1\" \/>\n<link rel=\"canonical\" href=\"https:\/\/immoworld.ma\/nl\/simulateur-notaire\/\" \/>\n<meta property=\"og:locale\" content=\"nl_NL\" \/>\n<meta property=\"og:type\" content=\"article\" \/>\n<meta property=\"og:title\" content=\"Simulateur notaire - Immoworld\" \/>\n<meta property=\"og:description\" content=\"Calculez facilement vos frais de notaire au Maroc en 2025 : taxes, honoraires et frais annexes pour tout achat immobilier. Outil rapide, pr\u00e9cis et gratuit pour acheteurs et investisseurs.\" \/>\n<meta property=\"og:url\" content=\"https:\/\/immoworld.ma\/nl\/simulateur-notaire\/\" \/>\n<meta property=\"og:site_name\" content=\"Immoworld\" \/>\n<meta property=\"article:modified_time\" content=\"2026-04-03T12:08:08+00:00\" \/>\n<meta name=\"twitter:card\" content=\"summary_large_image\" \/>\n<meta name=\"twitter:label1\" content=\"Geschatte leestijd\" \/>\n\t<meta name=\"twitter:data1\" content=\"2 minuten\" \/>\n<script type=\"application\/ld+json\" class=\"yoast-schema-graph\">{\"@context\":\"https:\\\/\\\/schema.org\",\"@graph\":[{\"@type\":\"WebPage\",\"@id\":\"https:\\\/\\\/immoworld.ma\\\/simulateur-notaire\\\/\",\"url\":\"https:\\\/\\\/immoworld.ma\\\/simulateur-notaire\\\/\",\"name\":\"Simulateur notaire - Immoworld\",\"isPartOf\":{\"@id\":\"https:\\\/\\\/immoworld.ma\\\/#website\"},\"datePublished\":\"2025-07-21T10:23:07+00:00\",\"dateModified\":\"2026-04-03T12:08:08+00:00\",\"description\":\"Calculez facilement vos frais de notaire au Maroc en 2025 : taxes, honoraires et frais annexes pour tout achat immobilier. Outil rapide, pr\u00e9cis et gratuit pour acheteurs et investisseurs.\",\"breadcrumb\":{\"@id\":\"https:\\\/\\\/immoworld.ma\\\/simulateur-notaire\\\/#breadcrumb\"},\"inLanguage\":\"nl-NL\",\"potentialAction\":[{\"@type\":\"ReadAction\",\"target\":[\"https:\\\/\\\/immoworld.ma\\\/simulateur-notaire\\\/\"]}]},{\"@type\":\"BreadcrumbList\",\"@id\":\"https:\\\/\\\/immoworld.ma\\\/simulateur-notaire\\\/#breadcrumb\",\"itemListElement\":[{\"@type\":\"ListItem\",\"position\":1,\"name\":\"Home\",\"item\":\"https:\\\/\\\/immoworld.ma\\\/\"},{\"@type\":\"ListItem\",\"position\":2,\"name\":\"Simulateur notaire\"}]},{\"@type\":\"WebSite\",\"@id\":\"https:\\\/\\\/immoworld.ma\\\/#website\",\"url\":\"https:\\\/\\\/immoworld.ma\\\/\",\"name\":\"Immoworld\",\"description\":\"Luxury Real Estate\",\"publisher\":{\"@id\":\"https:\\\/\\\/immoworld.ma\\\/#organization\"},\"potentialAction\":[{\"@type\":\"SearchAction\",\"target\":{\"@type\":\"EntryPoint\",\"urlTemplate\":\"https:\\\/\\\/immoworld.ma\\\/?s={search_term_string}\"},\"query-input\":{\"@type\":\"PropertyValueSpecification\",\"valueRequired\":true,\"valueName\":\"search_term_string\"}}],\"inLanguage\":\"nl-NL\"},{\"@type\":\"Organization\",\"@id\":\"https:\\\/\\\/immoworld.ma\\\/#organization\",\"name\":\"Immoworld\",\"url\":\"https:\\\/\\\/immoworld.ma\\\/\",\"logo\":{\"@type\":\"ImageObject\",\"inLanguage\":\"nl-NL\",\"@id\":\"https:\\\/\\\/immoworld.ma\\\/#\\\/schema\\\/logo\\\/image\\\/\",\"url\":\"https:\\\/\\\/immoworld.ma\\\/wp-content\\\/uploads\\\/2024\\\/07\\\/IMMOWORLD_LOGO_WHITEGOLD.svg\",\"contentUrl\":\"https:\\\/\\\/immoworld.ma\\\/wp-content\\\/uploads\\\/2024\\\/07\\\/IMMOWORLD_LOGO_WHITEGOLD.svg\",\"width\":205,\"height\":54,\"caption\":\"Immoworld\"},\"image\":{\"@id\":\"https:\\\/\\\/immoworld.ma\\\/#\\\/schema\\\/logo\\\/image\\\/\"}}]}<\/script>\n<!-- \/ Yoast SEO plugin. -->","yoast_head_json":{"title":"Simulateur notaire - Immoworld","description":"Calculez facilement vos frais de notaire au Maroc en 2025 : taxes, honoraires et frais annexes pour tout achat immobilier. Outil rapide, pr\u00e9cis et gratuit pour acheteurs et investisseurs.","robots":{"index":"index","follow":"follow","max-snippet":"max-snippet:-1","max-image-preview":"max-image-preview:large","max-video-preview":"max-video-preview:-1"},"canonical":"https:\/\/immoworld.ma\/nl\/simulateur-notaire\/","og_locale":"nl_NL","og_type":"article","og_title":"Simulateur notaire - Immoworld","og_description":"Calculez facilement vos frais de notaire au Maroc en 2025 : taxes, honoraires et frais annexes pour tout achat immobilier. Outil rapide, pr\u00e9cis et gratuit pour acheteurs et investisseurs.","og_url":"https:\/\/immoworld.ma\/nl\/simulateur-notaire\/","og_site_name":"Immoworld","article_modified_time":"2026-04-03T12:08:08+00:00","twitter_card":"summary_large_image","twitter_misc":{"Geschatte leestijd":"2 minuten"},"schema":{"@context":"https:\/\/schema.org","@graph":[{"@type":"WebPage","@id":"https:\/\/immoworld.ma\/simulateur-notaire\/","url":"https:\/\/immoworld.ma\/simulateur-notaire\/","name":"Simulateur notaire - Immoworld","isPartOf":{"@id":"https:\/\/immoworld.ma\/#website"},"datePublished":"2025-07-21T10:23:07+00:00","dateModified":"2026-04-03T12:08:08+00:00","description":"Calculez facilement vos frais de notaire au Maroc en 2025 : taxes, honoraires et frais annexes pour tout achat immobilier. Outil rapide, pr\u00e9cis et gratuit pour acheteurs et investisseurs.","breadcrumb":{"@id":"https:\/\/immoworld.ma\/simulateur-notaire\/#breadcrumb"},"inLanguage":"nl-NL","potentialAction":[{"@type":"ReadAction","target":["https:\/\/immoworld.ma\/simulateur-notaire\/"]}]},{"@type":"BreadcrumbList","@id":"https:\/\/immoworld.ma\/simulateur-notaire\/#breadcrumb","itemListElement":[{"@type":"ListItem","position":1,"name":"Home","item":"https:\/\/immoworld.ma\/"},{"@type":"ListItem","position":2,"name":"Simulateur notaire"}]},{"@type":"WebSite","@id":"https:\/\/immoworld.ma\/#website","url":"https:\/\/immoworld.ma\/","name":"Immoworld","description":"Luxury Real Estate","publisher":{"@id":"https:\/\/immoworld.ma\/#organization"},"potentialAction":[{"@type":"SearchAction","target":{"@type":"EntryPoint","urlTemplate":"https:\/\/immoworld.ma\/?s={search_term_string}"},"query-input":{"@type":"PropertyValueSpecification","valueRequired":true,"valueName":"search_term_string"}}],"inLanguage":"nl-NL"},{"@type":"Organization","@id":"https:\/\/immoworld.ma\/#organization","name":"Immoworld","url":"https:\/\/immoworld.ma\/","logo":{"@type":"ImageObject","inLanguage":"nl-NL","@id":"https:\/\/immoworld.ma\/#\/schema\/logo\/image\/","url":"https:\/\/immoworld.ma\/wp-content\/uploads\/2024\/07\/IMMOWORLD_LOGO_WHITEGOLD.svg","contentUrl":"https:\/\/immoworld.ma\/wp-content\/uploads\/2024\/07\/IMMOWORLD_LOGO_WHITEGOLD.svg","width":205,"height":54,"caption":"Immoworld"},"image":{"@id":"https:\/\/immoworld.ma\/#\/schema\/logo\/image\/"}}]}},"_links":{"self":[{"href":"https:\/\/immoworld.ma\/nl\/wp-json\/wp\/v2\/pages\/11259","targetHints":{"allow":["GET"]}}],"collection":[{"href":"https:\/\/immoworld.ma\/nl\/wp-json\/wp\/v2\/pages"}],"about":[{"href":"https:\/\/immoworld.ma\/nl\/wp-json\/wp\/v2\/types\/page"}],"author":[{"embeddable":true,"href":"https:\/\/immoworld.ma\/nl\/wp-json\/wp\/v2\/users\/3"}],"replies":[{"embeddable":true,"href":"https:\/\/immoworld.ma\/nl\/wp-json\/wp\/v2\/comments?post=11259"}],"version-history":[{"count":31,"href":"https:\/\/immoworld.ma\/nl\/wp-json\/wp\/v2\/pages\/11259\/revisions"}],"predecessor-version":[{"id":16539,"href":"https:\/\/immoworld.ma\/nl\/wp-json\/wp\/v2\/pages\/11259\/revisions\/16539"}],"wp:attachment":[{"href":"https:\/\/immoworld.ma\/nl\/wp-json\/wp\/v2\/media?parent=11259"}],"curies":[{"name":"wp","href":"https:\/\/api.w.org\/{rel}","templated":true}]}}