{"id":15946,"date":"2025-12-13T13:20:13","date_gmt":"2025-12-13T12:20:13","guid":{"rendered":"https:\/\/staging.immoworld.ma\/?elementor_library=01-the-building"},"modified":"2025-12-17T17:42:38","modified_gmt":"2025-12-17T16:42:38","slug":"quartier-de-mershan-tanger","status":"publish","type":"page","link":"https:\/\/immoworld.ma\/nl\/quartier-de-mershan-tanger\/","title":{"rendered":"Mershan"},"content":{"rendered":"<div data-elementor-type=\"wp-page\" data-elementor-id=\"15946\" class=\"elementor elementor-15946\" data-elementor-post-type=\"page\">\n\t\t\t\t\t\t<section class=\"elementor-section elementor-top-section elementor-element elementor-element-d6d72e1 elementor-section-boxed elementor-section-height-default elementor-section-height-default\" data-id=\"d6d72e1\" data-element_type=\"section\" data-e-type=\"section\">\n\t\t\t\t\t\t<div class=\"elementor-container elementor-column-gap-default\">\n\t\t\t\t\t<div class=\"elementor-column elementor-col-100 elementor-top-column elementor-element elementor-element-84b679a\" data-id=\"84b679a\" data-element_type=\"column\" data-e-type=\"column\">\n\t\t\t<div class=\"elementor-widget-wrap elementor-element-populated\">\n\t\t\t\t\t\t<div class=\"elementor-element elementor-element-7258793 elementor-widget elementor-widget-heading\" data-id=\"7258793\" data-element_type=\"widget\" data-e-type=\"widget\" data-widget_type=\"heading.default\">\n\t\t\t\t\t<h1 class=\"elementor-heading-title elementor-size-default\">Mershan-wijk \u2013 Tanger<\/h1>\t\t\t\t<\/div>\n\t\t\t\t<div class=\"elementor-element elementor-element-0a936a4 elementor-widget elementor-widget-text-editor\" data-id=\"0a936a4\" data-element_type=\"widget\" data-e-type=\"widget\" data-widget_type=\"text-editor.default\">\n\t\t\t\t\t\t\t\t\t<p class=\"translation-block\">Gelegen op een heuvel ten westen van de oude stad, belichaamt de wijk <strong data-start=\"304\" data-end=\"315\">Mershan<\/strong> (of Marshan) de residenti\u00eble elegantie en historische charme van Tanger. Ooit een \u201cKlein Madrid\u201d geliefd bij diplomaten en vooraanstaande families, biedt Mershan tegenwoordig een verfijnde, rustige en groene leefomgeving. De wijk valt op door haar brede lanen omzoomd met sinaasappelbomen, haar paleizen en villa\u2019s met diverse architectuurstijlen \u2014 Andalusische, Art Deco en Belle \u00c9poque-invloeden \u2014 evenals haar panoramische zeezichten. Van de Kasbah beneden tot de Middellandse Zeekust aan de noordzijde, combineert Mershan harmonieus de charme van het verleden met modern comfort, waardoor deze wijk een waar toevluchtsoord is en vaak wordt beschouwd als een van de meest exclusieve adressen van Tanger.<\/p>\t\t\t\t\t\t\t\t<\/div>\n\t\t\t\t<div class=\"elementor-element elementor-element-2af2129 elementor-widget elementor-widget-heading\" data-id=\"2af2129\" data-element_type=\"widget\" data-e-type=\"widget\" data-widget_type=\"heading.default\">\n\t\t\t\t\t<h2 class=\"elementor-heading-title elementor-size-default\">Over de Gemeenschap<\/h2>\t\t\t\t<\/div>\n\t\t\t\t<div class=\"elementor-element elementor-element-9f34cb6 elementor-widget elementor-widget-text-editor\" data-id=\"9f34cb6\" data-element_type=\"widget\" data-e-type=\"widget\" data-widget_type=\"text-editor.default\">\n\t\t\t\t\t\t\t\t\t<p data-start=\"1060\" data-end=\"1691\" class=\"translation-block\"><strong data-start=\"1060\" data-end=\"1085\">Historisch erfgoed<\/strong><br data-start=\"1085\" data-end=\"1088\">Mershan herbergt een uitzonderlijk erfgoed, van oude overblijfselen \u2014 met name een oude Fenicische necropool ontdekt op de hoger gelegen delen \u2014 tot talrijke monumenten uit de Internationale Zone-periode. De wijk herbergt het Palais Moulay Hafid, een voormalige offici\u00eble residentie die nu een museum is, evenals de beroemde Villa de France, een historisch hotel uit het einde van de 19e eeuw dat grote kunstenaars heeft ontvangen. De Sint-Andreaskerk, met zijn Victoriaanse klokkentoren en historische begraafplaats, evenals de oude straatjes, doen de kosmopolitische sfeer van het Tanger van begin 20e eeuw herleven.<\/p><p data-start=\"1693\" data-end=\"2127\" class=\"translation-block\"><strong data-start=\"1693\" data-end=\"1716\">Culturele sfeer<\/strong><br data-start=\"1716\" data-end=\"1719\">Mershan combineert residenti\u00eble rust met culturele dynamiek. De wijk herbergt de Cin\u00e9math\u00e8que van Tanger, gevestigd in een voormalig Art Deco-bioscoopgebouw dat is omgebouwd tot cultureel centrum met vertoningen, lezingen en tentoonstellingen. Festivals, concerten en kunstevenementen \u2014 waaronder het beroemde jazzfestival dat in het Palais Moulay Hafid wordt georganiseerd \u2014 bepalen het lokale leven en trekken zowel inwoners als bezoekers aan.<\/p><p data-start=\"2129\" data-end=\"2582\" class=\"translation-block\"><strong data-start=\"2129\" data-end=\"2152\">Architectuurstijl<\/strong><br data-start=\"2152\" data-end=\"2155\">De wijk wordt gekenmerkt door een subtiele mix van Moorse en Europese architectuur. Men bewondert er grote Belle \u00c9poque-villa\u2019s met elegante gevels, charmante Andalusische huizen rond binnenplaatsen, zorgvuldig gerestaureerde Art Deco-gebouwen, evenals enkele discreet ge\u00efntegreerde moderne woningen. Deze diversiteit geeft Mershan een eclectische, chique en tijdloze identiteit.<\/p><p data-start=\"2584\" data-end=\"3030\" class=\"translation-block\"><strong data-start=\"2584\" data-end=\"2607\">Soorten woningen<\/strong><br data-start=\"2607\" data-end=\"2610\">Het vastgoedbestand bestaat voornamelijk uit villa\u2019s en priv\u00e9-paleizen, vaak gebouwd op meerdere niveaus en omgeven door tuinen, riads en gerenoveerde traditionele huizen, evenals kleine burgerlijke gebouwen met luxe appartementen. De eigendommen zijn over het algemeen ruim en licht, met terrassen of balkons die in sommige gevallen vrij uitzicht op zee bieden.<\/p><p data-start=\"3032\" data-end=\"3392\" class=\"translation-block\"><strong data-start=\"3032\" data-end=\"3060\">Rust en veiligheid<\/strong><br data-start=\"3060\" data-end=\"3063\">Mershan staat bekend om zijn kalmte en exclusiviteit. Weg van de stedelijke drukte valt de wijk op door zijn rustige woonstraten en vredige sfeer. De kosmopolitische bevolking \u2014 bestaande uit diplomaten, expats en welgestelde families \u2014 draagt bij aan een veilige, discrete en harmonieuze omgeving.<\/p><p data-start=\"3394\" data-end=\"3866\" class=\"translation-block\"><strong data-start=\"3394\" data-end=\"3423\">Artistiek en sociaal leven<\/strong><br data-start=\"3423\" data-end=\"3426\">Door zijn geschiedenis en inspirerende sfeer trekt Mershan kunstenaars, musici en intellectuelen aan. De wijk heeft kunstgalerie\u00ebn, culturele caf\u00e9s en populaire ontmoetingsplekken. Het beroemde Caf\u00e9 Hafa, gelegen lager op de kade, is emblematisch voor de wijk met zijn terrassen met uitzicht op zee. Het Marchan-park, gedomineerd door het standbeeld van Christus de Verlosser, is een geliefde plek voor wandelingen met het gezin.<\/p><p data-start=\"3868\" data-end=\"4211\" class=\"translation-block\"><strong data-start=\"3868\" data-end=\"3905\">Nabijheid van iconische locaties<\/strong><br data-start=\"3905\" data-end=\"3908\">Mershan grenst direct aan de Kasbah en de historische medina. Het ligt op enkele stappen van het Palais Moulay Hafid, de Grand Socco, de Mendoubia-tuin en de belangrijkste musea van de stad. Ook de Villa de France en verschillende andere belangrijke culturele instellingen bevinden zich in de directe omgeving.<\/p><h2 data-start=\"4213\" data-end=\"4227\">\u00a0<\/h2>\t\t\t\t\t\t\t\t<\/div>\n\t\t\t\t<div class=\"elementor-element elementor-element-a8ec990 elementor-widget elementor-widget-heading\" data-id=\"a8ec990\" data-element_type=\"widget\" data-e-type=\"widget\" data-widget_type=\"heading.default\">\n\t\t\t\t\t<h2 class=\"elementor-heading-title elementor-size-default\">Locatie<\/h2>\t\t\t\t<\/div>\n\t\t\t\t<div class=\"elementor-element elementor-element-4787a91 elementor-widget elementor-widget-text-editor\" data-id=\"4787a91\" data-element_type=\"widget\" data-e-type=\"widget\" data-widget_type=\"text-editor.default\">\n\t\t\t\t\t\t\t\t\t<p data-start=\"4229\" data-end=\"4720\">Op de kaart van Tanger neemt Mershan een strategische positie in op de westelijke heuvel met uitzicht op de oude stad. Aan de oostkant grenst het aan de Kasbah en de medina, en het strekt zich naar het noorden uit tot de kustpromenade. Deze bevoorrechte ligging biedt snelle toegang tot het moderne stadscentrum, terwijl men geniet van een verhoogde, rustige omgeving met vrij uitzicht op zee. De hoofdwegen naar de luchthaven, stranden en naburige woonwijken zijn gemakkelijk bereikbaar.<\/p><p data-start=\"4722\" data-end=\"5063\">In de rustige straten van Mershan komen veel karakteristieke gebouwen tevoorschijn, vaak voorzien van binnenplaatsen, bloeiende balkons of dakterrassen. Uitzichten op de stad, de haven en de zeestraat zijn gebruikelijk, en wandelingen langs de kustpromenade of het Marchan-park bieden opmerkelijke panorama\u2019s op Gibraltar.<\/p>\t\t\t\t\t\t\t\t<\/div>\n\t\t\t\t<div class=\"elementor-element elementor-element-f228e2c elementor-widget elementor-widget-heading\" data-id=\"f228e2c\" data-element_type=\"widget\" data-e-type=\"widget\" data-widget_type=\"heading.default\">\n\t\t\t\t\t<h2 class=\"elementor-heading-title elementor-size-default\">Mode de vie &amp; Commodit\u00e9s<\/h2>\t\t\t\t<\/div>\n\t\t\t\t<div class=\"elementor-element elementor-element-9c536ed elementor-widget elementor-widget-text-editor\" data-id=\"9c536ed\" data-element_type=\"widget\" data-e-type=\"widget\" data-widget_type=\"text-editor.default\">\n\t\t\t\t\t\t\t\t\t<p data-start=\"5094\" data-end=\"5544\">Het dagelijkse leven in Mershan draait om een subtiel evenwicht tussen het lokale leven en culturele activiteiten. Bewoners genieten van ochtendwandelingen in het Marchan-park of langs de schaduwrijke steegjes van de Mendoubia. De nabijgelegen Grand Socco fungeert als een levendig ontmoetingspunt met een bruisend uitzicht op de ingang van de medina. Ook de promenade aan het water en de kustpromenade bieden mogelijkheden om te genieten van restaurants en caf\u00e9s met uitzicht op zee.<\/p><p data-start=\"5546\" data-end=\"5919\">Het culturele leven is bijzonder rijk dankzij vertoningen, tentoonstellingen en evenementen georganiseerd in de Cin\u00e9math\u00e8que van Tanger, evenals de regelmatige concerten en festivals. Het gastronomische aanbod omvat traditionele caf\u00e9s, elegante brasserie\u00ebn met panoramisch uitzicht, authentieke Marokkaanse restaurants in de Kasbah en moderne eetgelegenheden in de haven van de stad Tanger.<\/p><p data-start=\"5921\" data-end=\"6182\">Gezinnen profiteren van de nabijheid van internationale en Franse scholen in de naburige wijken, evenals van snelle toegang tot alle essenti\u00eble voorzieningen: supermarkten, ziekenhuizen, banken, priv\u00e9klinieken en sportfaciliteiten.<\/p>\t\t\t\t\t\t\t\t<\/div>\n\t\t\t\t<div class=\"elementor-element elementor-element-705fbab elementor-widget elementor-widget-heading\" data-id=\"705fbab\" data-element_type=\"widget\" data-e-type=\"widget\" data-widget_type=\"heading.default\">\n\t\t\t\t\t<h2 class=\"elementor-heading-title elementor-size-default\">Vastgoed in Mershan<\/h2>\t\t\t\t<\/div>\n\t\t\t\t<div class=\"elementor-element elementor-element-0cdc51d elementor-widget elementor-widget-text-editor\" data-id=\"0cdc51d\" data-element_type=\"widget\" data-e-type=\"widget\" data-widget_type=\"text-editor.default\">\n\t\t\t\t\t\t\t\t\t<p data-start=\"6216\" data-end=\"6331\">De vastgoedmarkt in Mershan is duidelijk luxe en vol karakter. Het biedt voornamelijk:<\/p><ul data-start=\"6333\" data-end=\"7120\"><li data-start=\"6333\" data-end=\"6526\"><p data-start=\"6335\" data-end=\"6526\" class=\"translation-block\"><strong data-start=\"6335\" data-end=\"6377\">Gerenoveerde traditionele huizen en riads<\/strong> : voormalige familiehuizen zorgvuldig gerestaureerd, met binnenplaatsen, fijn houtwerk en architectonische details uit die tijd.<\/p><\/li><li data-start=\"6527\" data-end=\"6733\"><p data-start=\"6529\" data-end=\"6733\" class=\"translation-block\"><strong data-start=\"6529\" data-end=\"6552\">Belle \u00c9poque-villa\u2019s<\/strong> : grote koloniale panden op meerdere niveaus, omgeven door aangelegde tuinen en soms uitgerust met zwembaden, met een mix van Art Deco, Moorse invloeden en Europese elegantie.<\/p><\/li><li data-start=\"6734\" data-end=\"6933\"><p data-start=\"6736\" data-end=\"6933\" class=\"translation-block\"><strong data-start=\"6736\" data-end=\"6764\">Luxeappartementen<\/strong> : gelegen in kleine burgerlijke gebouwen of moderne residenties, met eigentijdse afwerkingen, glazen terrassen en soms hoogwaardige gemeenschappelijke ruimtes.<\/p><\/li><li data-start=\"6934\" data-end=\"7120\"><p data-start=\"6936\" data-end=\"7120\" class=\"translation-block\"><strong data-start=\"6936\" data-end=\"6961\">Renovaties en stijlen<\/strong> : veel panden zijn volledig gerenoveerd, waarbij historische charme wordt gecombineerd met moderne voorzieningen zoals designkeukens, airconditioning en domotica.<\/p><\/li><\/ul><p data-start=\"7122\" data-end=\"7402\">Over het geheel genomen wordt Mershan gekenmerkt door prestigieus vastgoed, met enkele van de hoogste prijzen in Tanger. De exclusiviteit van de wijk, haar erfgoedcharme en de kwaliteit van leven maken het een bijzonder gewilde locatie, zowel om te wonen als om in te investeren.<\/p>\t\t\t\t\t\t\t\t<\/div>\n\t\t\t\t<div class=\"elementor-element elementor-element-2a857f9 elementor-widget elementor-widget-heading\" data-id=\"2a857f9\" data-element_type=\"widget\" data-e-type=\"widget\" data-widget_type=\"heading.default\">\n\t\t\t\t\t<h2 class=\"elementor-heading-title elementor-size-default\">Waarom Mershan zich onderscheidt<\/h2>\t\t\t\t<\/div>\n\t\t\t\t<div class=\"elementor-element elementor-element-c00c7db elementor-widget elementor-widget-text-editor\" data-id=\"c00c7db\" data-element_type=\"widget\" data-e-type=\"widget\" data-widget_type=\"text-editor.default\">\n\t\t\t\t\t\t\t\t\t<p data-start=\"7438\" data-end=\"7869\">Mershan neemt een bijzondere plaats in het landschap van Tanger in. Het belangrijkste voordeel ligt in de zeldzame combinatie van historisch erfgoed en residenti\u00eble rust. Als voormalige aristocratische enclave heeft de wijk haar architectonisch erfgoed behouden en tegelijkertijd een discrete maar levendige artistieke en culturele sfeer ontwikkeld. Deze combinatie trekt een kosmopolitische bevolking aan die op zoek is naar elegantie, rust en authenticiteit.<\/p><p data-start=\"7871\" data-end=\"8186\" data-is-last-node=\"\" data-is-only-node=\"\">Dankzij de hoge erfgoedwaarde, tijdloze sfeer en exclusieve omgeving behoort Mershan tot de meest gewilde wijken van Tanger. Het belichaamt een unieke levensstijl, waarin historische verfijning, culturele rijkdom en mediterrane levensvreugde samenkomen \u2014 een waar juweel in het hart van de stad.<\/p>\t\t\t\t\t\t\t\t<\/div>\n\t\t\t\t\t<\/div>\n\t\t<\/div>\n\t\t\t\t\t<\/div>\n\t\t<\/section>\n\t\t\t\t<\/div>","protected":false},"excerpt":{"rendered":"<p>Quartier de Mershan \u2013 Tanger Perch\u00e9 sur une colline \u00e0 l\u2019ouest de la vieille ville, le quartier de Mershan (ou Marshan) incarne l\u2019\u00e9l\u00e9gance r\u00e9sidentielle et le charme historique de Tanger. Ancien \u00ab petit Madrid \u00bb pris\u00e9 par les diplomates et les grandes familles, Mershan offre aujourd\u2019hui un cadre de vie raffin\u00e9, calme et verdoyant. Il&#8230;<\/p>","protected":false},"author":3,"featured_media":16044,"parent":0,"menu_order":0,"comment_status":"closed","ping_status":"closed","template":"templates\/properties.php","meta":{"_acf_changed":false,"inline_featured_image":false,"footnotes":""},"class_list":["post-15946","page","type-page","status-publish","has-post-thumbnail","hentry"],"acf":[],"yoast_head":"<!-- This site is optimized with the Yoast SEO plugin v27.4 - https:\/\/yoast.com\/product\/yoast-seo-wordpress\/ -->\n<title>Mershan - Immoworld<\/title>\n<meta name=\"robots\" content=\"index, follow, max-snippet:-1, max-image-preview:large, max-video-preview:-1\" \/>\n<link rel=\"canonical\" href=\"https:\/\/immoworld.ma\/nl\/quartier-de-mershan-tanger\/\" \/>\n<meta property=\"og:locale\" content=\"nl_NL\" \/>\n<meta property=\"og:type\" content=\"article\" \/>\n<meta property=\"og:title\" content=\"Mershan - Immoworld\" \/>\n<meta property=\"og:description\" content=\"Quartier de Mershan \u2013 Tanger Perch\u00e9 sur une colline \u00e0 l\u2019ouest de la vieille ville, le quartier de Mershan (ou Marshan) incarne l\u2019\u00e9l\u00e9gance r\u00e9sidentielle et le charme historique de Tanger. Ancien \u00ab petit Madrid \u00bb pris\u00e9 par les diplomates et les grandes familles, Mershan offre aujourd\u2019hui un cadre de vie raffin\u00e9, calme et verdoyant. Il...\" \/>\n<meta property=\"og:url\" content=\"https:\/\/immoworld.ma\/nl\/quartier-de-mershan-tanger\/\" \/>\n<meta property=\"og:site_name\" content=\"Immoworld\" \/>\n<meta property=\"article:modified_time\" content=\"2025-12-17T16:42:38+00:00\" \/>\n<meta property=\"og:image\" content=\"https:\/\/immoworld.ma\/wp-content\/uploads\/2025\/12\/marshan-tangier.webp\" \/>\n\t<meta property=\"og:image:width\" content=\"600\" \/>\n\t<meta property=\"og:image:height\" content=\"400\" \/>\n\t<meta property=\"og:image:type\" content=\"image\/webp\" \/>\n<meta name=\"twitter:card\" content=\"summary_large_image\" \/>\n<meta name=\"twitter:label1\" content=\"Geschatte leestijd\" \/>\n\t<meta name=\"twitter:data1\" content=\"6 minuten\" \/>\n<script type=\"application\/ld+json\" class=\"yoast-schema-graph\">{\"@context\":\"https:\\\/\\\/schema.org\",\"@graph\":[{\"@type\":\"WebPage\",\"@id\":\"https:\\\/\\\/immoworld.ma\\\/fr\\\/quartier-de-mershan-tanger\\\/\",\"url\":\"https:\\\/\\\/immoworld.ma\\\/fr\\\/quartier-de-mershan-tanger\\\/\",\"name\":\"Mershan - Immoworld\",\"isPartOf\":{\"@id\":\"https:\\\/\\\/immoworld.ma\\\/#website\"},\"primaryImageOfPage\":{\"@id\":\"https:\\\/\\\/immoworld.ma\\\/fr\\\/quartier-de-mershan-tanger\\\/#primaryimage\"},\"image\":{\"@id\":\"https:\\\/\\\/immoworld.ma\\\/fr\\\/quartier-de-mershan-tanger\\\/#primaryimage\"},\"thumbnailUrl\":\"https:\\\/\\\/immoworld.ma\\\/wp-content\\\/uploads\\\/2025\\\/12\\\/marshan-tangier.webp\",\"datePublished\":\"2025-12-13T12:20:13+00:00\",\"dateModified\":\"2025-12-17T16:42:38+00:00\",\"breadcrumb\":{\"@id\":\"https:\\\/\\\/immoworld.ma\\\/fr\\\/quartier-de-mershan-tanger\\\/#breadcrumb\"},\"inLanguage\":\"nl-NL\",\"potentialAction\":[{\"@type\":\"ReadAction\",\"target\":[\"https:\\\/\\\/immoworld.ma\\\/fr\\\/quartier-de-mershan-tanger\\\/\"]}]},{\"@type\":\"ImageObject\",\"inLanguage\":\"nl-NL\",\"@id\":\"https:\\\/\\\/immoworld.ma\\\/fr\\\/quartier-de-mershan-tanger\\\/#primaryimage\",\"url\":\"https:\\\/\\\/immoworld.ma\\\/wp-content\\\/uploads\\\/2025\\\/12\\\/marshan-tangier.webp\",\"contentUrl\":\"https:\\\/\\\/immoworld.ma\\\/wp-content\\\/uploads\\\/2025\\\/12\\\/marshan-tangier.webp\",\"width\":600,\"height\":400},{\"@type\":\"BreadcrumbList\",\"@id\":\"https:\\\/\\\/immoworld.ma\\\/fr\\\/quartier-de-mershan-tanger\\\/#breadcrumb\",\"itemListElement\":[{\"@type\":\"ListItem\",\"position\":1,\"name\":\"Home\",\"item\":\"https:\\\/\\\/immoworld.ma\\\/\"},{\"@type\":\"ListItem\",\"position\":2,\"name\":\"Mershan\"}]},{\"@type\":\"WebSite\",\"@id\":\"https:\\\/\\\/immoworld.ma\\\/#website\",\"url\":\"https:\\\/\\\/immoworld.ma\\\/\",\"name\":\"Immoworld\",\"description\":\"Luxury Real Estate\",\"publisher\":{\"@id\":\"https:\\\/\\\/immoworld.ma\\\/#organization\"},\"potentialAction\":[{\"@type\":\"SearchAction\",\"target\":{\"@type\":\"EntryPoint\",\"urlTemplate\":\"https:\\\/\\\/immoworld.ma\\\/?s={search_term_string}\"},\"query-input\":{\"@type\":\"PropertyValueSpecification\",\"valueRequired\":true,\"valueName\":\"search_term_string\"}}],\"inLanguage\":\"nl-NL\"},{\"@type\":\"Organization\",\"@id\":\"https:\\\/\\\/immoworld.ma\\\/#organization\",\"name\":\"Immoworld\",\"url\":\"https:\\\/\\\/immoworld.ma\\\/\",\"logo\":{\"@type\":\"ImageObject\",\"inLanguage\":\"nl-NL\",\"@id\":\"https:\\\/\\\/immoworld.ma\\\/#\\\/schema\\\/logo\\\/image\\\/\",\"url\":\"https:\\\/\\\/immoworld.ma\\\/wp-content\\\/uploads\\\/2024\\\/07\\\/IMMOWORLD_LOGO_WHITEGOLD.svg\",\"contentUrl\":\"https:\\\/\\\/immoworld.ma\\\/wp-content\\\/uploads\\\/2024\\\/07\\\/IMMOWORLD_LOGO_WHITEGOLD.svg\",\"width\":205,\"height\":54,\"caption\":\"Immoworld\"},\"image\":{\"@id\":\"https:\\\/\\\/immoworld.ma\\\/#\\\/schema\\\/logo\\\/image\\\/\"}}]}<\/script>\n<!-- \/ Yoast SEO plugin. -->","yoast_head_json":{"title":"Mershan - Immoworld","robots":{"index":"index","follow":"follow","max-snippet":"max-snippet:-1","max-image-preview":"max-image-preview:large","max-video-preview":"max-video-preview:-1"},"canonical":"https:\/\/immoworld.ma\/nl\/quartier-de-mershan-tanger\/","og_locale":"nl_NL","og_type":"article","og_title":"Mershan - Immoworld","og_description":"Quartier de Mershan \u2013 Tanger Perch\u00e9 sur une colline \u00e0 l\u2019ouest de la vieille ville, le quartier de Mershan (ou Marshan) incarne l\u2019\u00e9l\u00e9gance r\u00e9sidentielle et le charme historique de Tanger. Ancien \u00ab petit Madrid \u00bb pris\u00e9 par les diplomates et les grandes familles, Mershan offre aujourd\u2019hui un cadre de vie raffin\u00e9, calme et verdoyant. Il...","og_url":"https:\/\/immoworld.ma\/nl\/quartier-de-mershan-tanger\/","og_site_name":"Immoworld","article_modified_time":"2025-12-17T16:42:38+00:00","og_image":[{"width":600,"height":400,"url":"https:\/\/immoworld.ma\/wp-content\/uploads\/2025\/12\/marshan-tangier.webp","type":"image\/webp"}],"twitter_card":"summary_large_image","twitter_misc":{"Geschatte leestijd":"6 minuten"},"schema":{"@context":"https:\/\/schema.org","@graph":[{"@type":"WebPage","@id":"https:\/\/immoworld.ma\/fr\/quartier-de-mershan-tanger\/","url":"https:\/\/immoworld.ma\/fr\/quartier-de-mershan-tanger\/","name":"Mershan - Immoworld","isPartOf":{"@id":"https:\/\/immoworld.ma\/#website"},"primaryImageOfPage":{"@id":"https:\/\/immoworld.ma\/fr\/quartier-de-mershan-tanger\/#primaryimage"},"image":{"@id":"https:\/\/immoworld.ma\/fr\/quartier-de-mershan-tanger\/#primaryimage"},"thumbnailUrl":"https:\/\/immoworld.ma\/wp-content\/uploads\/2025\/12\/marshan-tangier.webp","datePublished":"2025-12-13T12:20:13+00:00","dateModified":"2025-12-17T16:42:38+00:00","breadcrumb":{"@id":"https:\/\/immoworld.ma\/fr\/quartier-de-mershan-tanger\/#breadcrumb"},"inLanguage":"nl-NL","potentialAction":[{"@type":"ReadAction","target":["https:\/\/immoworld.ma\/fr\/quartier-de-mershan-tanger\/"]}]},{"@type":"ImageObject","inLanguage":"nl-NL","@id":"https:\/\/immoworld.ma\/fr\/quartier-de-mershan-tanger\/#primaryimage","url":"https:\/\/immoworld.ma\/wp-content\/uploads\/2025\/12\/marshan-tangier.webp","contentUrl":"https:\/\/immoworld.ma\/wp-content\/uploads\/2025\/12\/marshan-tangier.webp","width":600,"height":400},{"@type":"BreadcrumbList","@id":"https:\/\/immoworld.ma\/fr\/quartier-de-mershan-tanger\/#breadcrumb","itemListElement":[{"@type":"ListItem","position":1,"name":"Home","item":"https:\/\/immoworld.ma\/"},{"@type":"ListItem","position":2,"name":"Mershan"}]},{"@type":"WebSite","@id":"https:\/\/immoworld.ma\/#website","url":"https:\/\/immoworld.ma\/","name":"Immoworld","description":"Luxury Real Estate","publisher":{"@id":"https:\/\/immoworld.ma\/#organization"},"potentialAction":[{"@type":"SearchAction","target":{"@type":"EntryPoint","urlTemplate":"https:\/\/immoworld.ma\/?s={search_term_string}"},"query-input":{"@type":"PropertyValueSpecification","valueRequired":true,"valueName":"search_term_string"}}],"inLanguage":"nl-NL"},{"@type":"Organization","@id":"https:\/\/immoworld.ma\/#organization","name":"Immoworld","url":"https:\/\/immoworld.ma\/","logo":{"@type":"ImageObject","inLanguage":"nl-NL","@id":"https:\/\/immoworld.ma\/#\/schema\/logo\/image\/","url":"https:\/\/immoworld.ma\/wp-content\/uploads\/2024\/07\/IMMOWORLD_LOGO_WHITEGOLD.svg","contentUrl":"https:\/\/immoworld.ma\/wp-content\/uploads\/2024\/07\/IMMOWORLD_LOGO_WHITEGOLD.svg","width":205,"height":54,"caption":"Immoworld"},"image":{"@id":"https:\/\/immoworld.ma\/#\/schema\/logo\/image\/"}}]}},"_links":{"self":[{"href":"https:\/\/immoworld.ma\/nl\/wp-json\/wp\/v2\/pages\/15946","targetHints":{"allow":["GET"]}}],"collection":[{"href":"https:\/\/immoworld.ma\/nl\/wp-json\/wp\/v2\/pages"}],"about":[{"href":"https:\/\/immoworld.ma\/nl\/wp-json\/wp\/v2\/types\/page"}],"author":[{"embeddable":true,"href":"https:\/\/immoworld.ma\/nl\/wp-json\/wp\/v2\/users\/3"}],"replies":[{"embeddable":true,"href":"https:\/\/immoworld.ma\/nl\/wp-json\/wp\/v2\/comments?post=15946"}],"version-history":[{"count":0,"href":"https:\/\/immoworld.ma\/nl\/wp-json\/wp\/v2\/pages\/15946\/revisions"}],"wp:featuredmedia":[{"embeddable":true,"href":"https:\/\/immoworld.ma\/nl\/wp-json\/wp\/v2\/media\/16044"}],"wp:attachment":[{"href":"https:\/\/immoworld.ma\/nl\/wp-json\/wp\/v2\/media?parent=15946"}],"curies":[{"name":"wp","href":"https:\/\/api.w.org\/{rel}","templated":true}]}}